{"id":4352,"date":"2024-10-16T10:57:31","date_gmt":"2024-10-16T10:57:31","guid":{"rendered":"https:\/\/kmshc.al\/?page_id=4352"},"modified":"2026-01-22T12:38:27","modified_gmt":"2026-01-22T12:38:27","slug":"aktet-administrative-model-per-aneksin-2","status":"publish","type":"page","link":"https:\/\/kmshc.al\/en\/aktet-administrative-model-per-aneksin-2\/","title":{"rendered":"Aktet administrative model p\u00ebr Aneksin 2"},"content":{"rendered":"<div class=\"fusion-fullwidth fullwidth-box fusion-builder-row-1 fusion-flex-container nonhundred-percent-fullwidth non-hundred-percent-height-scrolling\" style=\"--awb-border-radius-top-left:0px;--awb-border-radius-top-right:0px;--awb-border-radius-bottom-right:0px;--awb-border-radius-bottom-left:0px;--awb-flex-wrap:wrap;\" ><div class=\"fusion-builder-row fusion-row fusion-flex-align-items-flex-start fusion-flex-content-wrap\" style=\"max-width:1216.8px;margin-left: calc(-4% \/ 2 );margin-right: calc(-4% \/ 2 );\"><div class=\"fusion-layout-column fusion_builder_column fusion-builder-column-0 fusion_builder_column_1_1 1_1 fusion-flex-column\" style=\"--awb-bg-blend:overlay;--awb-bg-size:cover;--awb-width-large:100%;--awb-margin-top-large:0px;--awb-spacing-right-large:1.92%;--awb-margin-bottom-large:0px;--awb-spacing-left-large:1.92%;--awb-width-medium:100%;--awb-spacing-right-medium:1.92%;--awb-spacing-left-medium:1.92%;--awb-width-small:100%;--awb-spacing-right-small:1.92%;--awb-spacing-left-small:1.92%;\"><div class=\"fusion-column-wrapper fusion-flex-justify-content-flex-start fusion-content-layout-column\"><div class=\"fusion-title title fusion-title-1 fusion-sep-none fusion-title-text fusion-title-size-one\" style=\"--awb-text-color:#000000;--awb-font-size:40px;\"><h1 class=\"fusion-title-heading title-heading-left fusion-responsive-typography-calculated\" style=\"margin:0;font-size:1em;--fontSize:40;line-height:var(--awb-typography1-line-height);\"><p style=\"text-align: center;\">Aktet administrative model p\u00ebr Aneksin 2<\/p><\/h1><\/div><div class=\"fusion-builder-row fusion-builder-row-inner fusion-row fusion-flex-align-items-flex-start fusion-flex-content-wrap\" style=\"width:104% !important;max-width:104% !important;margin-left: calc(-4% \/ 2 );margin-right: calc(-4% \/ 2 );\"><div class=\"fusion-layout-column fusion_builder_column_inner fusion-builder-nested-column-0 fusion_builder_column_inner_1_1 1_1 fusion-flex-column\" style=\"--awb-bg-size:cover;--awb-width-large:100%;--awb-margin-top-large:0px;--awb-spacing-right-large:1.92%;--awb-margin-bottom-large:20px;--awb-spacing-left-large:1.92%;--awb-width-medium:100%;--awb-order-medium:0;--awb-spacing-right-medium:1.92%;--awb-spacing-left-medium:1.92%;--awb-width-small:100%;--awb-order-small:0;--awb-spacing-right-small:1.92%;--awb-spacing-left-small:1.92%;\"><div class=\"fusion-column-wrapper fusion-column-has-shadow fusion-flex-justify-content-flex-start fusion-content-layout-column\"><\/div><\/div><\/div><div class=\"fusion-text fusion-text-1\" style=\"--awb-font-size:17px;\"><ul>\n<li><a href=\"https:\/\/kmshc.al\/wp-content\/uploads\/2024\/10\/14.docx\">P\u00ebr ngritjen e komitetit t\u00eb vler\u00ebsimit, n\u00eb kuad\u00ebr t\u00eb vler\u00ebsimit dhe klasifikimit t\u00eb pozicioneve t\u00eb pun\u00ebs<\/a><\/li>\n<li><a href=\"https:\/\/kmshc.al\/wp-content\/uploads\/2024\/10\/15.docx\">List\u00eb p\u00ebrmbledh\u00ebse ku pasqyrohen pozicionet e pun\u00ebs pjes\u00eb e sh\u00ebrbimit civil, t\u00eb klasifikuara n\u00eb kategorin\u00eb e sh\u00ebrbimit civil dhe klas\u00ebn p\u00ebrkat\u00ebse<\/a><\/li>\n<li><a href=\"https:\/\/kmshc.al\/wp-content\/uploads\/2024\/10\/16.docx\">Lista p\u00ebrmbledh\u00ebse e pozicioneve t\u00eb pun\u00ebs pjes\u00eb e sh\u00ebrbimit civil, t\u00eb klasifikuara n\u00eb kategorin\u00eb dhe klas\u00ebn p\u00ebrkat\u00ebse<\/a><\/li>\n<\/ul>\n<\/div><div class=\"fusion-builder-row fusion-builder-row-inner fusion-row fusion-flex-align-items-flex-start fusion-flex-content-wrap\" style=\"width:104% !important;max-width:104% !important;margin-left: calc(-4% \/ 2 );margin-right: calc(-4% \/ 2 );\"><div class=\"fusion-layout-column fusion_builder_column_inner fusion-builder-nested-column-1 fusion_builder_column_inner_1_1 1_1 fusion-flex-column\" style=\"--awb-bg-size:cover;--awb-width-large:100%;--awb-margin-top-large:0px;--awb-spacing-right-large:1.92%;--awb-margin-bottom-large:20px;--awb-spacing-left-large:1.92%;--awb-width-medium:100%;--awb-order-medium:0;--awb-spacing-right-medium:1.92%;--awb-spacing-left-medium:1.92%;--awb-width-small:100%;--awb-order-small:0;--awb-spacing-right-small:1.92%;--awb-spacing-left-small:1.92%;\"><div class=\"fusion-column-wrapper fusion-column-has-shadow fusion-flex-justify-content-flex-start fusion-content-layout-column\"><\/div><\/div><\/div><\/div><\/div><\/div><\/div>","protected":false},"excerpt":{"rendered":"","protected":false},"author":3,"featured_media":0,"parent":0,"menu_order":0,"comment_status":"closed","ping_status":"closed","template":"","meta":{"_acf_changed":false,"_piecal_is_event":false,"_piecal_start_date":"","_piecal_end_date":"","_piecal_is_allday":false,"footnotes":""},"class_list":["post-4352","page","type-page","status-publish","hentry"],"acf":[],"yoast_head":"<!-- This site is optimized with the Yoast SEO plugin v23.8 - https:\/\/yoast.com\/wordpress\/plugins\/seo\/ -->\n<title>Aktet administrative model p\u00ebr Aneksin 2 - KMSHC<\/title>\n<meta name=\"robots\" content=\"index, follow, max-snippet:-1, max-image-preview:large, max-video-preview:-1\" \/>\n<link rel=\"canonical\" href=\"https:\/\/kmshc.al\/en\/aktet-administrative-model-per-aneksin-2\/\" \/>\n<meta property=\"og:locale\" content=\"en_GB\" \/>\n<meta property=\"og:type\" content=\"article\" \/>\n<meta property=\"og:title\" content=\"Aktet administrative model p\u00ebr Aneksin 2 - KMSHC\" \/>\n<meta property=\"og:url\" content=\"https:\/\/kmshc.al\/en\/aktet-administrative-model-per-aneksin-2\/\" \/>\n<meta property=\"og:site_name\" content=\"KMSHC\" \/>\n<meta property=\"article:modified_time\" content=\"2026-01-22T12:38:27+00:00\" \/>\n<meta name=\"twitter:card\" content=\"summary_large_image\" \/>\n<meta name=\"twitter:label1\" content=\"Estimated reading time\" \/>\n\t<meta name=\"twitter:data1\" content=\"1 minute\" \/>\n<script type=\"application\/ld+json\" class=\"yoast-schema-graph\">{\"@context\":\"https:\/\/schema.org\",\"@graph\":[{\"@type\":\"WebPage\",\"@id\":\"https:\/\/kmshc.al\/aktet-administrative-model-per-aneksin-2\/\",\"url\":\"https:\/\/kmshc.al\/aktet-administrative-model-per-aneksin-2\/\",\"name\":\"Aktet administrative model p\u00ebr Aneksin 2 - KMSHC\",\"isPartOf\":{\"@id\":\"https:\/\/kmshc.al\/#website\"},\"datePublished\":\"2024-10-16T10:57:31+00:00\",\"dateModified\":\"2026-01-22T12:38:27+00:00\",\"breadcrumb\":{\"@id\":\"https:\/\/kmshc.al\/aktet-administrative-model-per-aneksin-2\/#breadcrumb\"},\"inLanguage\":\"en-GB\",\"potentialAction\":[{\"@type\":\"ReadAction\",\"target\":[\"https:\/\/kmshc.al\/aktet-administrative-model-per-aneksin-2\/\"]}]},{\"@type\":\"BreadcrumbList\",\"@id\":\"https:\/\/kmshc.al\/aktet-administrative-model-per-aneksin-2\/#breadcrumb\",\"itemListElement\":[{\"@type\":\"ListItem\",\"position\":1,\"name\":\"Home\",\"item\":\"https:\/\/kmshc.al\/\"},{\"@type\":\"ListItem\",\"position\":2,\"name\":\"Aktet administrative model p\u00ebr Aneksin 2\"}]},{\"@type\":\"WebSite\",\"@id\":\"https:\/\/kmshc.al\/#website\",\"url\":\"https:\/\/kmshc.al\/\",\"name\":\"KMSHC\",\"description\":\"Komisioneri per mbikqyrjen e sherbimit Civil\",\"publisher\":{\"@id\":\"https:\/\/kmshc.al\/#organization\"},\"potentialAction\":[{\"@type\":\"SearchAction\",\"target\":{\"@type\":\"EntryPoint\",\"urlTemplate\":\"https:\/\/kmshc.al\/?s={search_term_string}\"},\"query-input\":{\"@type\":\"PropertyValueSpecification\",\"valueRequired\":true,\"valueName\":\"search_term_string\"}}],\"inLanguage\":\"en-GB\"},{\"@type\":\"Organization\",\"@id\":\"https:\/\/kmshc.al\/#organization\",\"name\":\"KMSHC\",\"url\":\"https:\/\/kmshc.al\/\",\"logo\":{\"@type\":\"ImageObject\",\"inLanguage\":\"en-GB\",\"@id\":\"https:\/\/kmshc.al\/#\/schema\/logo\/image\/\",\"url\":\"https:\/\/kmshc.al\/wp-content\/uploads\/2024\/07\/logo-kmshc-200x130-1.png\",\"contentUrl\":\"https:\/\/kmshc.al\/wp-content\/uploads\/2024\/07\/logo-kmshc-200x130-1.png\",\"width\":200,\"height\":130,\"caption\":\"KMSHC\"},\"image\":{\"@id\":\"https:\/\/kmshc.al\/#\/schema\/logo\/image\/\"}}]}<\/script>\n<!-- \/ Yoast SEO plugin. -->","yoast_head_json":{"title":"Aktet administrative model p\u00ebr Aneksin 2 - KMSHC","robots":{"index":"index","follow":"follow","max-snippet":"max-snippet:-1","max-image-preview":"max-image-preview:large","max-video-preview":"max-video-preview:-1"},"canonical":"https:\/\/kmshc.al\/en\/aktet-administrative-model-per-aneksin-2\/","og_locale":"en_GB","og_type":"article","og_title":"Aktet administrative model p\u00ebr Aneksin 2 - KMSHC","og_url":"https:\/\/kmshc.al\/en\/aktet-administrative-model-per-aneksin-2\/","og_site_name":"KMSHC","article_modified_time":"2026-01-22T12:38:27+00:00","twitter_card":"summary_large_image","twitter_misc":{"Estimated reading time":"1 minute"},"schema":{"@context":"https:\/\/schema.org","@graph":[{"@type":"WebPage","@id":"https:\/\/kmshc.al\/aktet-administrative-model-per-aneksin-2\/","url":"https:\/\/kmshc.al\/aktet-administrative-model-per-aneksin-2\/","name":"Aktet administrative model p\u00ebr Aneksin 2 - KMSHC","isPartOf":{"@id":"https:\/\/kmshc.al\/#website"},"datePublished":"2024-10-16T10:57:31+00:00","dateModified":"2026-01-22T12:38:27+00:00","breadcrumb":{"@id":"https:\/\/kmshc.al\/aktet-administrative-model-per-aneksin-2\/#breadcrumb"},"inLanguage":"en-GB","potentialAction":[{"@type":"ReadAction","target":["https:\/\/kmshc.al\/aktet-administrative-model-per-aneksin-2\/"]}]},{"@type":"BreadcrumbList","@id":"https:\/\/kmshc.al\/aktet-administrative-model-per-aneksin-2\/#breadcrumb","itemListElement":[{"@type":"ListItem","position":1,"name":"Home","item":"https:\/\/kmshc.al\/"},{"@type":"ListItem","position":2,"name":"Aktet administrative model p\u00ebr Aneksin 2"}]},{"@type":"WebSite","@id":"https:\/\/kmshc.al\/#website","url":"https:\/\/kmshc.al\/","name":"KMSHC","description":"Komisioneri per mbikqyrjen e sherbimit Civil","publisher":{"@id":"https:\/\/kmshc.al\/#organization"},"potentialAction":[{"@type":"SearchAction","target":{"@type":"EntryPoint","urlTemplate":"https:\/\/kmshc.al\/?s={search_term_string}"},"query-input":{"@type":"PropertyValueSpecification","valueRequired":true,"valueName":"search_term_string"}}],"inLanguage":"en-GB"},{"@type":"Organization","@id":"https:\/\/kmshc.al\/#organization","name":"KMSHC","url":"https:\/\/kmshc.al\/","logo":{"@type":"ImageObject","inLanguage":"en-GB","@id":"https:\/\/kmshc.al\/#\/schema\/logo\/image\/","url":"https:\/\/kmshc.al\/wp-content\/uploads\/2024\/07\/logo-kmshc-200x130-1.png","contentUrl":"https:\/\/kmshc.al\/wp-content\/uploads\/2024\/07\/logo-kmshc-200x130-1.png","width":200,"height":130,"caption":"KMSHC"},"image":{"@id":"https:\/\/kmshc.al\/#\/schema\/logo\/image\/"}}]}},"_links":{"self":[{"href":"https:\/\/kmshc.al\/en\/wp-json\/wp\/v2\/pages\/4352","targetHints":{"allow":["GET"]}}],"collection":[{"href":"https:\/\/kmshc.al\/en\/wp-json\/wp\/v2\/pages"}],"about":[{"href":"https:\/\/kmshc.al\/en\/wp-json\/wp\/v2\/types\/page"}],"author":[{"embeddable":true,"href":"https:\/\/kmshc.al\/en\/wp-json\/wp\/v2\/users\/3"}],"replies":[{"embeddable":true,"href":"https:\/\/kmshc.al\/en\/wp-json\/wp\/v2\/comments?post=4352"}],"version-history":[{"count":7,"href":"https:\/\/kmshc.al\/en\/wp-json\/wp\/v2\/pages\/4352\/revisions"}],"predecessor-version":[{"id":5164,"href":"https:\/\/kmshc.al\/en\/wp-json\/wp\/v2\/pages\/4352\/revisions\/5164"}],"wp:attachment":[{"href":"https:\/\/kmshc.al\/en\/wp-json\/wp\/v2\/media?parent=4352"}],"curies":[{"name":"wp","href":"https:\/\/api.w.org\/{rel}","templated":true}]}}