{"id":4225,"date":"2024-07-23T10:27:55","date_gmt":"2024-07-23T10:27:55","guid":{"rendered":"https:\/\/kmshc.al\/?page_id=4225"},"modified":"2024-07-23T10:52:36","modified_gmt":"2024-07-23T10:52:36","slug":"lista-e-te-dhenave-te-hapura-te-kmshc","status":"publish","type":"page","link":"https:\/\/kmshc.al\/en\/lista-e-te-dhenave-te-hapura-te-kmshc\/","title":{"rendered":"KMSC OPEN DATA LIST"},"content":{"rendered":"<div class=\"fusion-fullwidth fullwidth-box fusion-builder-row-1 fusion-flex-container has-pattern-background has-mask-background nonhundred-percent-fullwidth non-hundred-percent-height-scrolling\" style=\"--awb-border-radius-top-left:0px;--awb-border-radius-top-right:0px;--awb-border-radius-bottom-right:0px;--awb-border-radius-bottom-left:0px;--awb-margin-top:30px;--awb-margin-bottom:60px;--awb-flex-wrap:wrap;\" ><div class=\"fusion-builder-row fusion-row fusion-flex-align-items-flex-start fusion-flex-content-wrap\" style=\"max-width:1216.8px;margin-left: calc(-4% \/ 2 );margin-right: calc(-4% \/ 2 );\"><div class=\"fusion-layout-column fusion_builder_column fusion-builder-column-0 fusion_builder_column_1_1 1_1 fusion-flex-column\" style=\"--awb-bg-size:cover;--awb-width-large:100%;--awb-margin-top-large:0px;--awb-spacing-right-large:1.92%;--awb-margin-bottom-large:20px;--awb-spacing-left-large:1.92%;--awb-width-medium:100%;--awb-order-medium:0;--awb-spacing-right-medium:1.92%;--awb-spacing-left-medium:1.92%;--awb-width-small:100%;--awb-order-small:0;--awb-spacing-right-small:1.92%;--awb-spacing-left-small:1.92%;\"><div class=\"fusion-column-wrapper fusion-column-has-shadow fusion-flex-justify-content-flex-start fusion-content-layout-column\"><div class=\"fusion-title title fusion-title-1 fusion-sep-none fusion-title-text fusion-title-size-one\" style=\"--awb-text-color:var(--awb-color8);--awb-margin-bottom:60px;--awb-font-size:40px;\"><h1 class=\"fusion-title-heading title-heading-left fusion-responsive-typography-calculated\" style=\"margin:0;font-size:1em;--fontSize:40;line-height:var(--awb-typography1-line-height);\"><p style=\"text-align: center;\">KMSC OPEN DATA LIST<\/p><\/h1><\/div><div class=\"fusion-text fusion-text-1\"><p>1.\u00a0\u00a0\u00a0\u00a0<a href=\"https:\/\/kmshc.al\/en\/udhezime\/\">GUIDELINES<\/a><br \/>\n2.\u00a0\u00a0\u00a0\u00a0<a href=\"https:\/\/kmshc.al\/en\/raport-mbikeqyrje-inspektime-2019\/\">Arkiva 2015-2019<\/a><br \/>\n3.\u00a0\u00a0\u00a0\u00a0<a href=\"https:\/\/kmshc.al\/en\/regjistri-i-mbikqyrjeve-2024\/\">SUPERVISION REGISTER<\/a> (ku jan\u00eb publikuar vendimet e mbik\u00ebqyrjeve)<br \/>\n4.\u00a0\u00a0\u00a0\u00a0<a href=\"https:\/\/kmshc.al\/en\/regjistri-i-inspektimeve-2024\/\">Regjistri\u00a0i\u00a0inspektimeve\u00a0<\/a>(ku\u00a0jan\u00eb\u00a0publikuar\u00a0vendimet\u00a0e\u00a0inspektimeve)<br \/>\n5.\u00a0\u00a0\u00a0\u00a0<a href=\"https:\/\/kmshc.al\/en\/rregjistri-i-kerkesave-dhe-pergjigjeve\/\">Regjistri\u00a0i\u00a0k\u00ebrkesave\u00a0dhe\u00a0p\u00ebrgjigjeve<\/a><br \/>\n6.\u00a0\u00a0\u00a0\u00a0<a href=\"https:\/\/kmshc.al\/en\/raportimi-vjetor-per-kuvendin\/\">Raportime\u00a0n\u00eb\u00a0Kuvend<\/a><br \/>\n7.\u00a0\u00a0\u00a0\u00a0<a href=\"https:\/\/kmshc.al\/en\/rezoluta\/\">RESOLUTIONS<\/a><br \/>\n8.\u00a0\u00a0\u00a0\u00a0<a href=\"https:\/\/kmshc.al\/en\/raportime-te-tjera\/\">Raportime\u00a0t\u00eb\u00a0tjera<\/a><br \/>\n9.\u00a0\u00a0\u00a0\u00a0<a href=\"https:\/\/kmshc.al\/en\/strategji-te-kmshc\/\">STRATEGY<\/a><br \/>\n10.\u00a0 \u00a0<a href=\"https:\/\/kmshc.al\/en\/materiale-ndergjegjesuese\/\">Materiale nd\u00ebrgjegj\u00ebsuese<\/a><br \/>\n11.\u00a0 \u00a0<a href=\"https:\/\/kmshc.al\/en\/perditesimi-i-veprimtarise\/\">P\u00ebrdit\u00ebsim i veprimtaris\u00eb<\/a><br \/>\n12.\u00a0 \u00a0<a href=\"https:\/\/kmshc.al\/en\/statistika\/\">STATISTICS<\/a><br \/>\n13.\u00a0 \u00a0<a href=\"https:\/\/kmshc.al\/wp-content\/uploads\/2024\/06\/Raport-per-vleresimin-e-impaktit-te-ligjit-per-sherbimin-civil.pdf\">Vler\u00ebsimi i impaktit t\u00eb ligjit p\u00ebr sh\u00ebrbimin civil<\/a><br \/>\n14.\u00a0 \u00a0<a href=\"https:\/\/kmshc.al\/en\/pyetje-pergjigje\/\">Pyetje p\u00ebrgjigje<\/a><\/p>\n<\/div><\/div><\/div><\/div><\/div>","protected":false},"excerpt":{"rendered":"","protected":false},"author":3,"featured_media":0,"parent":0,"menu_order":0,"comment_status":"closed","ping_status":"closed","template":"","meta":{"_acf_changed":false,"_piecal_is_event":false,"_piecal_start_date":"","_piecal_end_date":"","_piecal_is_allday":false,"footnotes":""},"class_list":["post-4225","page","type-page","status-publish","hentry"],"acf":[],"yoast_head":"<!-- This site is optimized with the Yoast SEO plugin v23.8 - https:\/\/yoast.com\/wordpress\/plugins\/seo\/ -->\n<title>LISTA E T\u00cb DH\u00cbNAVE T\u00cb HAPURA T\u00cb KMSHC - KMSHC<\/title>\n<meta name=\"robots\" content=\"index, follow, max-snippet:-1, max-image-preview:large, max-video-preview:-1\" \/>\n<link rel=\"canonical\" href=\"https:\/\/kmshc.al\/en\/lista-e-te-dhenave-te-hapura-te-kmshc\/\" \/>\n<meta property=\"og:locale\" content=\"en_GB\" \/>\n<meta property=\"og:type\" content=\"article\" \/>\n<meta property=\"og:title\" content=\"LISTA E T\u00cb DH\u00cbNAVE T\u00cb HAPURA T\u00cb KMSHC - KMSHC\" \/>\n<meta property=\"og:url\" content=\"https:\/\/kmshc.al\/en\/lista-e-te-dhenave-te-hapura-te-kmshc\/\" \/>\n<meta property=\"og:site_name\" content=\"KMSHC\" \/>\n<meta property=\"article:modified_time\" content=\"2024-07-23T10:52:36+00:00\" \/>\n<meta name=\"twitter:card\" content=\"summary_large_image\" \/>\n<meta name=\"twitter:label1\" content=\"Estimated reading time\" \/>\n\t<meta name=\"twitter:data1\" content=\"1 minute\" \/>\n<script type=\"application\/ld+json\" class=\"yoast-schema-graph\">{\"@context\":\"https:\/\/schema.org\",\"@graph\":[{\"@type\":\"WebPage\",\"@id\":\"https:\/\/kmshc.al\/lista-e-te-dhenave-te-hapura-te-kmshc\/\",\"url\":\"https:\/\/kmshc.al\/lista-e-te-dhenave-te-hapura-te-kmshc\/\",\"name\":\"LISTA E T\u00cb DH\u00cbNAVE T\u00cb HAPURA T\u00cb KMSHC - KMSHC\",\"isPartOf\":{\"@id\":\"https:\/\/kmshc.al\/#website\"},\"datePublished\":\"2024-07-23T10:27:55+00:00\",\"dateModified\":\"2024-07-23T10:52:36+00:00\",\"breadcrumb\":{\"@id\":\"https:\/\/kmshc.al\/lista-e-te-dhenave-te-hapura-te-kmshc\/#breadcrumb\"},\"inLanguage\":\"en-GB\",\"potentialAction\":[{\"@type\":\"ReadAction\",\"target\":[\"https:\/\/kmshc.al\/lista-e-te-dhenave-te-hapura-te-kmshc\/\"]}]},{\"@type\":\"BreadcrumbList\",\"@id\":\"https:\/\/kmshc.al\/lista-e-te-dhenave-te-hapura-te-kmshc\/#breadcrumb\",\"itemListElement\":[{\"@type\":\"ListItem\",\"position\":1,\"name\":\"Home\",\"item\":\"https:\/\/kmshc.al\/\"},{\"@type\":\"ListItem\",\"position\":2,\"name\":\"LISTA E T\u00cb DH\u00cbNAVE T\u00cb HAPURA T\u00cb KMSHC\"}]},{\"@type\":\"WebSite\",\"@id\":\"https:\/\/kmshc.al\/#website\",\"url\":\"https:\/\/kmshc.al\/\",\"name\":\"KMSHC\",\"description\":\"Komisioneri per mbikqyrjen e sherbimit Civil\",\"publisher\":{\"@id\":\"https:\/\/kmshc.al\/#organization\"},\"potentialAction\":[{\"@type\":\"SearchAction\",\"target\":{\"@type\":\"EntryPoint\",\"urlTemplate\":\"https:\/\/kmshc.al\/?s={search_term_string}\"},\"query-input\":{\"@type\":\"PropertyValueSpecification\",\"valueRequired\":true,\"valueName\":\"search_term_string\"}}],\"inLanguage\":\"en-GB\"},{\"@type\":\"Organization\",\"@id\":\"https:\/\/kmshc.al\/#organization\",\"name\":\"KMSHC\",\"url\":\"https:\/\/kmshc.al\/\",\"logo\":{\"@type\":\"ImageObject\",\"inLanguage\":\"en-GB\",\"@id\":\"https:\/\/kmshc.al\/#\/schema\/logo\/image\/\",\"url\":\"https:\/\/kmshc.al\/wp-content\/uploads\/2024\/07\/logo-kmshc-200x130-1.png\",\"contentUrl\":\"https:\/\/kmshc.al\/wp-content\/uploads\/2024\/07\/logo-kmshc-200x130-1.png\",\"width\":200,\"height\":130,\"caption\":\"KMSHC\"},\"image\":{\"@id\":\"https:\/\/kmshc.al\/#\/schema\/logo\/image\/\"}}]}<\/script>\n<!-- \/ Yoast SEO plugin. -->","yoast_head_json":{"title":"LISTA E T\u00cb DH\u00cbNAVE T\u00cb HAPURA T\u00cb KMSHC - KMSHC","robots":{"index":"index","follow":"follow","max-snippet":"max-snippet:-1","max-image-preview":"max-image-preview:large","max-video-preview":"max-video-preview:-1"},"canonical":"https:\/\/kmshc.al\/en\/lista-e-te-dhenave-te-hapura-te-kmshc\/","og_locale":"en_GB","og_type":"article","og_title":"LISTA E T\u00cb DH\u00cbNAVE T\u00cb HAPURA T\u00cb KMSHC - KMSHC","og_url":"https:\/\/kmshc.al\/en\/lista-e-te-dhenave-te-hapura-te-kmshc\/","og_site_name":"KMSHC","article_modified_time":"2024-07-23T10:52:36+00:00","twitter_card":"summary_large_image","twitter_misc":{"Estimated reading time":"1 minute"},"schema":{"@context":"https:\/\/schema.org","@graph":[{"@type":"WebPage","@id":"https:\/\/kmshc.al\/lista-e-te-dhenave-te-hapura-te-kmshc\/","url":"https:\/\/kmshc.al\/lista-e-te-dhenave-te-hapura-te-kmshc\/","name":"LISTA E T\u00cb DH\u00cbNAVE T\u00cb HAPURA T\u00cb KMSHC - KMSHC","isPartOf":{"@id":"https:\/\/kmshc.al\/#website"},"datePublished":"2024-07-23T10:27:55+00:00","dateModified":"2024-07-23T10:52:36+00:00","breadcrumb":{"@id":"https:\/\/kmshc.al\/lista-e-te-dhenave-te-hapura-te-kmshc\/#breadcrumb"},"inLanguage":"en-GB","potentialAction":[{"@type":"ReadAction","target":["https:\/\/kmshc.al\/lista-e-te-dhenave-te-hapura-te-kmshc\/"]}]},{"@type":"BreadcrumbList","@id":"https:\/\/kmshc.al\/lista-e-te-dhenave-te-hapura-te-kmshc\/#breadcrumb","itemListElement":[{"@type":"ListItem","position":1,"name":"Home","item":"https:\/\/kmshc.al\/"},{"@type":"ListItem","position":2,"name":"LISTA E T\u00cb DH\u00cbNAVE T\u00cb HAPURA T\u00cb KMSHC"}]},{"@type":"WebSite","@id":"https:\/\/kmshc.al\/#website","url":"https:\/\/kmshc.al\/","name":"KMSHC","description":"Komisioneri per mbikqyrjen e sherbimit Civil","publisher":{"@id":"https:\/\/kmshc.al\/#organization"},"potentialAction":[{"@type":"SearchAction","target":{"@type":"EntryPoint","urlTemplate":"https:\/\/kmshc.al\/?s={search_term_string}"},"query-input":{"@type":"PropertyValueSpecification","valueRequired":true,"valueName":"search_term_string"}}],"inLanguage":"en-GB"},{"@type":"Organization","@id":"https:\/\/kmshc.al\/#organization","name":"KMSHC","url":"https:\/\/kmshc.al\/","logo":{"@type":"ImageObject","inLanguage":"en-GB","@id":"https:\/\/kmshc.al\/#\/schema\/logo\/image\/","url":"https:\/\/kmshc.al\/wp-content\/uploads\/2024\/07\/logo-kmshc-200x130-1.png","contentUrl":"https:\/\/kmshc.al\/wp-content\/uploads\/2024\/07\/logo-kmshc-200x130-1.png","width":200,"height":130,"caption":"KMSHC"},"image":{"@id":"https:\/\/kmshc.al\/#\/schema\/logo\/image\/"}}]}},"_links":{"self":[{"href":"https:\/\/kmshc.al\/en\/wp-json\/wp\/v2\/pages\/4225","targetHints":{"allow":["GET"]}}],"collection":[{"href":"https:\/\/kmshc.al\/en\/wp-json\/wp\/v2\/pages"}],"about":[{"href":"https:\/\/kmshc.al\/en\/wp-json\/wp\/v2\/types\/page"}],"author":[{"embeddable":true,"href":"https:\/\/kmshc.al\/en\/wp-json\/wp\/v2\/users\/3"}],"replies":[{"embeddable":true,"href":"https:\/\/kmshc.al\/en\/wp-json\/wp\/v2\/comments?post=4225"}],"version-history":[{"count":5,"href":"https:\/\/kmshc.al\/en\/wp-json\/wp\/v2\/pages\/4225\/revisions"}],"predecessor-version":[{"id":4733,"href":"https:\/\/kmshc.al\/en\/wp-json\/wp\/v2\/pages\/4225\/revisions\/4733"}],"wp:attachment":[{"href":"https:\/\/kmshc.al\/en\/wp-json\/wp\/v2\/media?parent=4225"}],"curies":[{"name":"wp","href":"https:\/\/api.w.org\/{rel}","templated":true}]}}