{"id":2704,"date":"2024-05-09T13:30:35","date_gmt":"2024-05-09T13:30:35","guid":{"rendered":"https:\/\/iw.al\/kmshc\/?page_id=2704"},"modified":"2025-06-09T13:58:51","modified_gmt":"2025-06-09T13:58:51","slug":"raportime-te-tjera","status":"publish","type":"page","link":"https:\/\/kmshc.al\/en\/raportime-te-tjera\/","title":{"rendered":"OTHER REPORTS"},"content":{"rendered":"<div class=\"fusion-fullwidth fullwidth-box fusion-builder-row-1 fusion-flex-container nonhundred-percent-fullwidth non-hundred-percent-height-scrolling\" style=\"--awb-border-radius-top-left:0px;--awb-border-radius-top-right:0px;--awb-border-radius-bottom-right:0px;--awb-border-radius-bottom-left:0px;--awb-flex-wrap:wrap;\" ><div class=\"fusion-builder-row fusion-row fusion-flex-align-items-flex-start fusion-flex-content-wrap\" style=\"max-width:1216.8px;margin-left: calc(-4% \/ 2 );margin-right: calc(-4% \/ 2 );\"><div class=\"fusion-layout-column fusion_builder_column fusion-builder-column-0 fusion_builder_column_1_1 1_1 fusion-flex-column\" style=\"--awb-bg-size:cover;--awb-width-large:100%;--awb-margin-top-large:40px;--awb-spacing-right-large:1.92%;--awb-margin-bottom-large:60px;--awb-spacing-left-large:1.92%;--awb-width-medium:100%;--awb-order-medium:0;--awb-spacing-right-medium:1.92%;--awb-spacing-left-medium:1.92%;--awb-width-small:100%;--awb-order-small:0;--awb-spacing-right-small:1.92%;--awb-spacing-left-small:1.92%;\"><div class=\"fusion-column-wrapper fusion-column-has-shadow fusion-flex-justify-content-flex-start fusion-content-layout-column\"><div class=\"fusion-title title fusion-title-1 fusion-sep-none fusion-title-text fusion-title-size-one\" style=\"--awb-text-color:var(--awb-color8);--awb-margin-bottom:80px;--awb-font-size:40px;\"><h1 class=\"fusion-title-heading title-heading-left fusion-responsive-typography-calculated\" style=\"margin:0;font-size:1em;--fontSize:40;line-height:var(--awb-typography1-line-height);\">OTHER REPORTS<\/h1><\/div><div class=\"fusion-content-boxes content-boxes columns row fusion-columns-3 fusion-columns-total-5 fusion-content-boxes-1 content-boxes-icon-on-top content-left has-flex-alignment\" style=\"--awb-alignment:flex-start;--awb-title-color:var(--awb-color8);--awb-iconcolor:var(--awb-color8);--awb-iconcolor-hover:var(--awb-color5);--awb-hover-accent-color:var(--awb-color5);--awb-circle-hover-accent-color:transparent;\" data-animationoffset=\"top-into-view\"><div style=\"--awb-backgroundcolor:rgba(255,255,255,0);--awb-iconcolor:#000000;--awb-iconcolor-hover:var(--awb-color5);\" class=\"fusion-column content-box-column content-box-column content-box-column-1 col-lg-4 col-md-4 col-sm-4 fusion-content-box-hover content-box-column-first-in-row\"><div class=\"col content-box-wrapper content-wrapper link-area-box link-type-text icon-hover-animation-none\" data-link=\"https:\/\/kmshc.al\/wp-content\/uploads\/2025\/06\/Raporti-i-monitorimit-te-zgjedhjeve-maj-2025.pdf\" data-link-target=\"_self\" data-animationoffset=\"top-into-view\"><div class=\"heading heading-with-icon icon-left\"><a class=\"heading-link\" href=\"https:\/\/kmshc.al\/wp-content\/uploads\/2025\/06\/Raporti-i-monitorimit-te-zgjedhjeve-maj-2025.pdf\" target=\"_self\"><div class=\"icon\"><i style=\"border-color:#000000;border-width:1px;background-color:rgba(255,255,255,0);box-sizing:content-box;height:100px;width:100px;line-height:100px;border-radius:50%;font-size:50px;\" aria-hidden=\"true\" class=\"fontawesome-icon fa-file-pdf fas circle-yes\"><\/i><\/div><h2 class=\"content-box-heading fusion-responsive-typography-calculated\" style=\"--h2_typography-font-size:18px;--fontSize:18;line-height:var(--awb-typography1-line-height);\">REPORT ON THE SUPERVISION OF THE CIVIL SERVICE ADMINISTRATION AND THE MONITORING OF THE CONDUCT OF CIVIL EMPLOYEES IN THE CONDITIONS OF THE GENERAL ELECTIONS FOR THE ASSEMBLY OF ALBANIA 11 APRIL - 11 MAY 2025 <\/h2><\/a><\/div><div class=\"fusion-clearfix\"><\/div><a class=\"fusion-read-more\" href=\"https:\/\/kmshc.al\/wp-content\/uploads\/2025\/06\/Raporti-i-monitorimit-te-zgjedhjeve-maj-2025.pdf\" target=\"_self\">(Click to download pdf)<\/a><div class=\"fusion-clearfix\"><\/div><\/div><\/div><div style=\"--awb-backgroundcolor:rgba(255,255,255,0);--awb-iconcolor:#000000;--awb-iconcolor-hover:var(--awb-color5);\" class=\"fusion-column content-box-column content-box-column content-box-column-2 col-lg-4 col-md-4 col-sm-4 fusion-content-box-hover\"><div class=\"col content-box-wrapper content-wrapper link-area-box link-type-text icon-hover-animation-none\" data-link=\"https:\/\/kmshc.al\/wp-content\/uploads\/2024\/05\/RAPORTIT-PER-MBIKEQYRJEN-E-ADMINISTRIMIT-TE-SHERBIMIT-CIVIL-DHE-MONITORIMIN-E-SJELLJES-SE-NEPUNESIT-CIVIL-NE-KUSHTET-E-ZGJEDHJEVE-TE-PJESSHME-VENDORE.pdf\" data-link-target=\"_self\" data-animationoffset=\"top-into-view\"><div class=\"heading heading-with-icon icon-left\"><a class=\"heading-link\" href=\"https:\/\/kmshc.al\/wp-content\/uploads\/2024\/05\/RAPORTIT-PER-MBIKEQYRJEN-E-ADMINISTRIMIT-TE-SHERBIMIT-CIVIL-DHE-MONITORIMIN-E-SJELLJES-SE-NEPUNESIT-CIVIL-NE-KUSHTET-E-ZGJEDHJEVE-TE-PJESSHME-VENDORE.pdf\" target=\"_self\"><div class=\"icon\"><i style=\"border-color:#000000;border-width:1px;background-color:rgba(255,255,255,0);box-sizing:content-box;height:100px;width:100px;line-height:100px;border-radius:50%;font-size:50px;\" aria-hidden=\"true\" class=\"fontawesome-icon fa-file-pdf fas circle-yes\"><\/i><\/div><h2 class=\"content-box-heading fusion-responsive-typography-calculated\" style=\"--h2_typography-font-size:18px;--fontSize:18;line-height:var(--awb-typography1-line-height);\">REPORT ON THE SUPERVISION OF THE CIVIL SERVICE ADMINISTRATION AND MONITORING OF THE CONDUCT OF CIVIL EMPLOYEES IN THE CONDITIONS OF THE LOCAL BY-LAWS ELECTIONS FOR MAYOR IN THE MUNICIPALITIES OF SHKO\u0110ER, DIB\u0110ER, DUR\u0110ER, VORA, RROGOZHNE AND LUSHNJE<\/h2><\/a><\/div><div class=\"fusion-clearfix\"><\/div><a class=\"fusion-read-more\" href=\"https:\/\/kmshc.al\/wp-content\/uploads\/2024\/05\/RAPORTIT-PER-MBIKEQYRJEN-E-ADMINISTRIMIT-TE-SHERBIMIT-CIVIL-DHE-MONITORIMIN-E-SJELLJES-SE-NEPUNESIT-CIVIL-NE-KUSHTET-E-ZGJEDHJEVE-TE-PJESSHME-VENDORE.pdf\" target=\"_self\">(Click to download pdf)<\/a><div class=\"fusion-clearfix\"><\/div><\/div><\/div><div style=\"--awb-backgroundcolor:rgba(255,255,255,0);--awb-iconcolor:#000000;--awb-iconcolor-hover:var(--awb-color5);\" class=\"fusion-column content-box-column content-box-column content-box-column-3 col-lg-4 col-md-4 col-sm-4 fusion-content-box-hover content-box-column-last-in-row\"><div class=\"col content-box-wrapper content-wrapper link-area-box link-type-text icon-hover-animation-none\" data-link=\"https:\/\/kmshc.al\/wp-content\/uploads\/2024\/05\/Raport-per-mbikeqyrjen-e-administrimit-te-sherbimit-civil-dhe-monitorimin-e-sjelljes-se-nepunesit-civil-ne-kushtet-e-zgjedhjeve-per-Kuvendin-e-Shqiperise-2021.pdf\" data-link-target=\"_self\" data-animationoffset=\"top-into-view\"><div class=\"heading heading-with-icon icon-left\"><a class=\"heading-link\" href=\"https:\/\/kmshc.al\/wp-content\/uploads\/2024\/05\/Raport-per-mbikeqyrjen-e-administrimit-te-sherbimit-civil-dhe-monitorimin-e-sjelljes-se-nepunesit-civil-ne-kushtet-e-zgjedhjeve-per-Kuvendin-e-Shqiperise-2021.pdf\" target=\"_self\"><div class=\"icon\"><i style=\"border-color:#000000;border-width:1px;background-color:rgba(255,255,255,0);box-sizing:content-box;height:100px;width:100px;line-height:100px;border-radius:50%;font-size:50px;\" aria-hidden=\"true\" class=\"fontawesome-icon fa-file-pdf fas circle-yes\"><\/i><\/div><h2 class=\"content-box-heading fusion-responsive-typography-calculated\" style=\"--h2_typography-font-size:18px;--fontSize:18;line-height:var(--awb-typography1-line-height);\">REPORT ON THE SUPERVISION OF THE CIVIL SERVICE ADMINISTRATION AND MONITORING OF THE CONDUCT OF CIVIL EMPLOYEES IN THE CONDITIONS OF THE 2021 ALBANIAN ASSEMBLY ELECTIONS<\/h2><\/a><\/div><div class=\"fusion-clearfix\"><\/div><a class=\"fusion-read-more\" href=\"https:\/\/kmshc.al\/wp-content\/uploads\/2024\/05\/Raport-per-mbikeqyrjen-e-administrimit-te-sherbimit-civil-dhe-monitorimin-e-sjelljes-se-nepunesit-civil-ne-kushtet-e-zgjedhjeve-per-Kuvendin-e-Shqiperise-2021.pdf\" target=\"_self\">(Click to download pdf)<\/a><div class=\"fusion-clearfix\"><\/div><\/div><\/div><div style=\"--awb-backgroundcolor:rgba(255,255,255,0);--awb-iconcolor:#000000;--awb-iconcolor-hover:var(--awb-color5);\" class=\"fusion-column content-box-column content-box-column content-box-column-4 col-lg-4 col-md-4 col-sm-4 fusion-content-box-hover content-box-column-first-in-row\"><div class=\"col content-box-wrapper content-wrapper link-area-box link-type-text icon-hover-animation-none\" data-link=\"https:\/\/kmshc.al\/wp-content\/uploads\/2024\/05\/Raport-per-mbikeqyrjen-e-administrimit-te-sherbimit-civil-dhe-monitorimin-e-sjelljes-se-nepunesit-civil-ne-kushtet-e-zgjedhjeve-politike-per-Kuvendin-e-Shqiperise-2017.pdf\" data-link-target=\"_self\" data-animationoffset=\"top-into-view\"><div class=\"heading heading-with-icon icon-left\"><a class=\"heading-link\" href=\"https:\/\/kmshc.al\/wp-content\/uploads\/2024\/05\/Raport-per-mbikeqyrjen-e-administrimit-te-sherbimit-civil-dhe-monitorimin-e-sjelljes-se-nepunesit-civil-ne-kushtet-e-zgjedhjeve-politike-per-Kuvendin-e-Shqiperise-2017.pdf\" target=\"_self\"><div class=\"icon\"><i style=\"border-color:#000000;border-width:1px;background-color:rgba(255,255,255,0);box-sizing:content-box;height:100px;width:100px;line-height:100px;border-radius:50%;font-size:50px;\" aria-hidden=\"true\" class=\"fontawesome-icon fa-file-pdf fas circle-yes\"><\/i><\/div><h2 class=\"content-box-heading fusion-responsive-typography-calculated\" style=\"--h2_typography-font-size:18px;--fontSize:18;line-height:var(--awb-typography1-line-height);\">REPORT ON THE SUPERVISION OF THE CIVIL SERVICE ADMINISTRATION AND MONITORING OF THE CONDUCT OF CIVIL EMPLOYEES IN THE CONDITIONS OF THE POLITICAL ELECTIONS FOR THE ASSEMBLY OF ALBANIA 2017<\/h2><\/a><\/div><div class=\"fusion-clearfix\"><\/div><a class=\"fusion-read-more\" href=\"https:\/\/kmshc.al\/wp-content\/uploads\/2024\/05\/Raport-per-mbikeqyrjen-e-administrimit-te-sherbimit-civil-dhe-monitorimin-e-sjelljes-se-nepunesit-civil-ne-kushtet-e-zgjedhjeve-politike-per-Kuvendin-e-Shqiperise-2017.pdf\" target=\"_self\">(Click to download pdf)<\/a><div class=\"fusion-clearfix\"><\/div><\/div><\/div><div style=\"--awb-backgroundcolor:rgba(255,255,255,0);--awb-iconcolor:#000000;--awb-iconcolor-hover:var(--awb-color5);\" class=\"fusion-column content-box-column content-box-column content-box-column-5 col-lg-4 col-md-4 col-sm-4 fusion-content-box-hover content-box-column-last\"><div class=\"col content-box-wrapper content-wrapper link-area-box link-type-text icon-hover-animation-none\" data-link=\"https:\/\/kmshc.al\/wp-content\/uploads\/2024\/05\/Raport-i-Komisionerit-per-vitin-2015-takimi-i-6-te-i-GP-per-RAP.pdf\" data-link-target=\"_self\" data-animationoffset=\"top-into-view\"><div class=\"heading heading-with-icon icon-left\"><a class=\"heading-link\" href=\"https:\/\/kmshc.al\/wp-content\/uploads\/2024\/05\/Raport-i-Komisionerit-per-vitin-2015-takimi-i-6-te-i-GP-per-RAP.pdf\" target=\"_self\"><div class=\"icon\"><i style=\"border-color:#000000;border-width:1px;background-color:rgba(255,255,255,0);box-sizing:content-box;height:100px;width:100px;line-height:100px;border-radius:50%;font-size:50px;\" aria-hidden=\"true\" class=\"fontawesome-icon fa-file-pdf fas circle-yes\"><\/i><\/div><h2 class=\"content-box-heading fusion-responsive-typography-calculated\" style=\"--h2_typography-font-size:18px;--fontSize:18;line-height:var(--awb-typography1-line-height);\">REPORT OF THE COMMISSIONER FOR THE YEAR 2015 - 6TH MEETING OF THE WG ON RAP<\/h2><\/a><\/div><div class=\"fusion-clearfix\"><\/div><a class=\"fusion-read-more\" href=\"https:\/\/kmshc.al\/wp-content\/uploads\/2024\/05\/Raport-i-Komisionerit-per-vitin-2015-takimi-i-6-te-i-GP-per-RAP.pdf\" target=\"_self\">(Click to download pdf)<\/a><div class=\"fusion-clearfix\"><\/div><\/div><\/div><div class=\"fusion-clearfix\"><\/div><\/div><\/div><\/div><\/div><\/div>","protected":false},"excerpt":{"rendered":"","protected":false},"author":1,"featured_media":0,"parent":0,"menu_order":0,"comment_status":"closed","ping_status":"closed","template":"","meta":{"_acf_changed":false,"_piecal_is_event":false,"_piecal_start_date":"","_piecal_end_date":"","_piecal_is_allday":false,"footnotes":""},"class_list":["post-2704","page","type-page","status-publish","hentry"],"acf":[],"yoast_head":"<!-- This site is optimized with the Yoast SEO plugin v23.8 - https:\/\/yoast.com\/wordpress\/plugins\/seo\/ -->\n<title>RAPORTIME T\u00cb TJERA - KMSHC<\/title>\n<meta name=\"robots\" content=\"index, follow, max-snippet:-1, max-image-preview:large, max-video-preview:-1\" \/>\n<link rel=\"canonical\" href=\"https:\/\/kmshc.al\/en\/raportime-te-tjera\/\" \/>\n<meta property=\"og:locale\" content=\"en_GB\" \/>\n<meta property=\"og:type\" content=\"article\" \/>\n<meta property=\"og:title\" content=\"RAPORTIME T\u00cb TJERA - KMSHC\" \/>\n<meta property=\"og:url\" content=\"https:\/\/kmshc.al\/en\/raportime-te-tjera\/\" \/>\n<meta property=\"og:site_name\" content=\"KMSHC\" \/>\n<meta property=\"article:modified_time\" content=\"2025-06-09T13:58:51+00:00\" \/>\n<meta name=\"twitter:card\" content=\"summary_large_image\" \/>\n<meta name=\"twitter:label1\" content=\"Estimated reading time\" \/>\n\t<meta name=\"twitter:data1\" content=\"1 minute\" \/>\n<script type=\"application\/ld+json\" class=\"yoast-schema-graph\">{\"@context\":\"https:\/\/schema.org\",\"@graph\":[{\"@type\":\"WebPage\",\"@id\":\"https:\/\/kmshc.al\/raportime-te-tjera\/\",\"url\":\"https:\/\/kmshc.al\/raportime-te-tjera\/\",\"name\":\"RAPORTIME T\u00cb TJERA - KMSHC\",\"isPartOf\":{\"@id\":\"https:\/\/kmshc.al\/#website\"},\"datePublished\":\"2024-05-09T13:30:35+00:00\",\"dateModified\":\"2025-06-09T13:58:51+00:00\",\"breadcrumb\":{\"@id\":\"https:\/\/kmshc.al\/raportime-te-tjera\/#breadcrumb\"},\"inLanguage\":\"en-GB\",\"potentialAction\":[{\"@type\":\"ReadAction\",\"target\":[\"https:\/\/kmshc.al\/raportime-te-tjera\/\"]}]},{\"@type\":\"BreadcrumbList\",\"@id\":\"https:\/\/kmshc.al\/raportime-te-tjera\/#breadcrumb\",\"itemListElement\":[{\"@type\":\"ListItem\",\"position\":1,\"name\":\"Home\",\"item\":\"https:\/\/kmshc.al\/\"},{\"@type\":\"ListItem\",\"position\":2,\"name\":\"RAPORTIME T\u00cb TJERA\"}]},{\"@type\":\"WebSite\",\"@id\":\"https:\/\/kmshc.al\/#website\",\"url\":\"https:\/\/kmshc.al\/\",\"name\":\"KMSHC\",\"description\":\"Komisioneri per mbikqyrjen e sherbimit Civil\",\"publisher\":{\"@id\":\"https:\/\/kmshc.al\/#organization\"},\"potentialAction\":[{\"@type\":\"SearchAction\",\"target\":{\"@type\":\"EntryPoint\",\"urlTemplate\":\"https:\/\/kmshc.al\/?s={search_term_string}\"},\"query-input\":{\"@type\":\"PropertyValueSpecification\",\"valueRequired\":true,\"valueName\":\"search_term_string\"}}],\"inLanguage\":\"en-GB\"},{\"@type\":\"Organization\",\"@id\":\"https:\/\/kmshc.al\/#organization\",\"name\":\"KMSHC\",\"url\":\"https:\/\/kmshc.al\/\",\"logo\":{\"@type\":\"ImageObject\",\"inLanguage\":\"en-GB\",\"@id\":\"https:\/\/kmshc.al\/#\/schema\/logo\/image\/\",\"url\":\"https:\/\/kmshc.al\/wp-content\/uploads\/2024\/07\/logo-kmshc-200x130-1.png\",\"contentUrl\":\"https:\/\/kmshc.al\/wp-content\/uploads\/2024\/07\/logo-kmshc-200x130-1.png\",\"width\":200,\"height\":130,\"caption\":\"KMSHC\"},\"image\":{\"@id\":\"https:\/\/kmshc.al\/#\/schema\/logo\/image\/\"}}]}<\/script>\n<!-- \/ Yoast SEO plugin. -->","yoast_head_json":{"title":"RAPORTIME T\u00cb TJERA - KMSHC","robots":{"index":"index","follow":"follow","max-snippet":"max-snippet:-1","max-image-preview":"max-image-preview:large","max-video-preview":"max-video-preview:-1"},"canonical":"https:\/\/kmshc.al\/en\/raportime-te-tjera\/","og_locale":"en_GB","og_type":"article","og_title":"RAPORTIME T\u00cb TJERA - KMSHC","og_url":"https:\/\/kmshc.al\/en\/raportime-te-tjera\/","og_site_name":"KMSHC","article_modified_time":"2025-06-09T13:58:51+00:00","twitter_card":"summary_large_image","twitter_misc":{"Estimated reading time":"1 minute"},"schema":{"@context":"https:\/\/schema.org","@graph":[{"@type":"WebPage","@id":"https:\/\/kmshc.al\/raportime-te-tjera\/","url":"https:\/\/kmshc.al\/raportime-te-tjera\/","name":"RAPORTIME T\u00cb TJERA - KMSHC","isPartOf":{"@id":"https:\/\/kmshc.al\/#website"},"datePublished":"2024-05-09T13:30:35+00:00","dateModified":"2025-06-09T13:58:51+00:00","breadcrumb":{"@id":"https:\/\/kmshc.al\/raportime-te-tjera\/#breadcrumb"},"inLanguage":"en-GB","potentialAction":[{"@type":"ReadAction","target":["https:\/\/kmshc.al\/raportime-te-tjera\/"]}]},{"@type":"BreadcrumbList","@id":"https:\/\/kmshc.al\/raportime-te-tjera\/#breadcrumb","itemListElement":[{"@type":"ListItem","position":1,"name":"Home","item":"https:\/\/kmshc.al\/"},{"@type":"ListItem","position":2,"name":"RAPORTIME T\u00cb TJERA"}]},{"@type":"WebSite","@id":"https:\/\/kmshc.al\/#website","url":"https:\/\/kmshc.al\/","name":"KMSHC","description":"Komisioneri per mbikqyrjen e sherbimit Civil","publisher":{"@id":"https:\/\/kmshc.al\/#organization"},"potentialAction":[{"@type":"SearchAction","target":{"@type":"EntryPoint","urlTemplate":"https:\/\/kmshc.al\/?s={search_term_string}"},"query-input":{"@type":"PropertyValueSpecification","valueRequired":true,"valueName":"search_term_string"}}],"inLanguage":"en-GB"},{"@type":"Organization","@id":"https:\/\/kmshc.al\/#organization","name":"KMSHC","url":"https:\/\/kmshc.al\/","logo":{"@type":"ImageObject","inLanguage":"en-GB","@id":"https:\/\/kmshc.al\/#\/schema\/logo\/image\/","url":"https:\/\/kmshc.al\/wp-content\/uploads\/2024\/07\/logo-kmshc-200x130-1.png","contentUrl":"https:\/\/kmshc.al\/wp-content\/uploads\/2024\/07\/logo-kmshc-200x130-1.png","width":200,"height":130,"caption":"KMSHC"},"image":{"@id":"https:\/\/kmshc.al\/#\/schema\/logo\/image\/"}}]}},"_links":{"self":[{"href":"https:\/\/kmshc.al\/en\/wp-json\/wp\/v2\/pages\/2704","targetHints":{"allow":["GET"]}}],"collection":[{"href":"https:\/\/kmshc.al\/en\/wp-json\/wp\/v2\/pages"}],"about":[{"href":"https:\/\/kmshc.al\/en\/wp-json\/wp\/v2\/types\/page"}],"author":[{"embeddable":true,"href":"https:\/\/kmshc.al\/en\/wp-json\/wp\/v2\/users\/1"}],"replies":[{"embeddable":true,"href":"https:\/\/kmshc.al\/en\/wp-json\/wp\/v2\/comments?post=2704"}],"version-history":[{"count":8,"href":"https:\/\/kmshc.al\/en\/wp-json\/wp\/v2\/pages\/2704\/revisions"}],"predecessor-version":[{"id":4859,"href":"https:\/\/kmshc.al\/en\/wp-json\/wp\/v2\/pages\/2704\/revisions\/4859"}],"wp:attachment":[{"href":"https:\/\/kmshc.al\/en\/wp-json\/wp\/v2\/media?parent=2704"}],"curies":[{"name":"wp","href":"https:\/\/api.w.org\/{rel}","templated":true}]}}