{"id":1876,"date":"2024-05-09T10:22:14","date_gmt":"2024-05-09T10:22:14","guid":{"rendered":"https:\/\/iw.al\/kmshc\/?page_id=1876"},"modified":"2024-05-29T10:36:42","modified_gmt":"2024-05-29T10:36:42","slug":"vendime-2018","status":"publish","type":"page","link":"https:\/\/kmshc.al\/en\/vendime-2018\/","title":{"rendered":"DECISIONS 2018"},"content":{"rendered":"<div class=\"fusion-fullwidth fullwidth-box fusion-builder-row-1 fusion-flex-container nonhundred-percent-fullwidth non-hundred-percent-height-scrolling\" style=\"--awb-border-radius-top-left:0px;--awb-border-radius-top-right:0px;--awb-border-radius-bottom-right:0px;--awb-border-radius-bottom-left:0px;--awb-flex-wrap:wrap;\" ><div class=\"fusion-builder-row fusion-row fusion-flex-align-items-flex-start fusion-flex-content-wrap\" style=\"max-width:1216.8px;margin-left: calc(-4% \/ 2 );margin-right: calc(-4% \/ 2 );\"><div class=\"fusion-layout-column fusion_builder_column fusion-builder-column-0 fusion_builder_column_1_1 1_1 fusion-flex-column\" style=\"--awb-bg-size:cover;--awb-width-large:100%;--awb-margin-top-large:40px;--awb-spacing-right-large:1.92%;--awb-margin-bottom-large:60px;--awb-spacing-left-large:1.92%;--awb-width-medium:100%;--awb-order-medium:0;--awb-spacing-right-medium:1.92%;--awb-spacing-left-medium:1.92%;--awb-width-small:100%;--awb-order-small:0;--awb-spacing-right-small:1.92%;--awb-spacing-left-small:1.92%;\"><div class=\"fusion-column-wrapper fusion-column-has-shadow fusion-flex-justify-content-flex-start fusion-content-layout-column\"><div class=\"fusion-title title fusion-title-1 fusion-sep-none fusion-title-text fusion-title-size-one\" style=\"--awb-text-color:var(--awb-color8);--awb-margin-bottom:40px;--awb-font-size:40px;\"><h1 class=\"fusion-title-heading title-heading-left fusion-responsive-typography-calculated\" style=\"margin:0;font-size:1em;--fontSize:40;line-height:var(--awb-typography1-line-height);\">&nbsp; VENDIME 2018<\/h1><\/div><div class=\"fusion-text fusion-text-1 awb-text-cols fusion-text-columns-3\" style=\"--awb-columns:3;--awb-column-spacing:2em;--awb-column-min-width:100px;\"><ul>\n<li><a href=\"https:\/\/kmshc.al\/wp-content\/uploads\/2024\/05\/Vendim-Nr.1-Per-miratimin-e-planit-vjetor-te-punes-per-vitin-2018_0.pdf\">Vendim-Nr.1-P\u00ebr-miratimin-e-planit-vjetor-t\u00eb-pun\u00ebs-p\u00ebr-vitin-2018_0<\/a><\/li>\n<li><a href=\"https:\/\/kmshc.al\/wp-content\/uploads\/2024\/05\/Vendim-Nr.2-Drejtoria-e-Bujqesise-Tirane.pdf\">Vendim-Nr.2-Drejtoria-e-Bujq\u00ebsis\u00eb-Tiran\u00eb<\/a><\/li>\n<li><a href=\"https:\/\/kmshc.al\/wp-content\/uploads\/2024\/05\/Vendim-Nr.3-Bashkia-Sarande.pdf\">Vendim-Nr.3-Bashkia-Sarand\u00eb<\/a><\/li>\n<li><a href=\"https:\/\/kmshc.al\/wp-content\/uploads\/2024\/05\/Vendim-Nr.4-Bashkia-Pogradec.pdf\">Vendim-Nr.4-Bashkia-Pogradec<\/a><\/li>\n<li><a href=\"https:\/\/kmshc.al\/wp-content\/uploads\/2024\/05\/Vendim-Nr.5-Drejtoria-e-Pergjithshme-e-Policise-se-Shtetit.pdf\">Vendim-Nr.5-Drejtoria-e-P\u00ebrgjithshme-e-Policis\u00eb-s\u00eb-Shtetit<\/a><\/li>\n<li><a href=\"https:\/\/kmshc.al\/wp-content\/uploads\/2024\/05\/Vendim-Nr.6-Bashkia-Vlore.pdf\">Vendim-Nr.6-Bashkia-Vlor\u00eb<\/a><\/li>\n<li><a href=\"https:\/\/kmshc.al\/wp-content\/uploads\/2024\/05\/Vendim-Nr.7-Departamenti-i-Administrates-Publike.pdf\">Vendim-Nr.7-Departamenti-i-Administrat\u00ebs-Publike<\/a><\/li>\n<li><a href=\"https:\/\/kmshc.al\/wp-content\/uploads\/2024\/05\/Vendim-Nr.8-Bashkia-Tirane.pdf\">Vendim-Nr.8-Bashkia-Tiran\u00eb<\/a><\/li>\n<li><a href=\"https:\/\/kmshc.al\/wp-content\/uploads\/2024\/05\/Vendim-Nr.9-Keshilli-i-Qarkut-Tirane.pdf\">Vendim-Nr.9-K\u00ebshilli-i-Qarkut-Tiran\u00eb<\/a><\/li>\n<li><a href=\"https:\/\/kmshc.al\/wp-content\/uploads\/2024\/05\/Vendim-Nr.10-Bashkia-Lushnje.pdf\">Vendim-Nr.10-Bashkia-Lushnje<\/a><\/li>\n<li><a href=\"https:\/\/kmshc.al\/wp-content\/uploads\/2024\/05\/Vendim-Nr.11-Bashkia-Gjirokaster_0.pdf\">Vendim-Nr.11-Bashkia-Gjirokast\u00ebr_0<\/a><\/li>\n<li><a href=\"https:\/\/kmshc.al\/wp-content\/uploads\/2024\/05\/Vendim-Nr.12-Bashkia-Dropull.pdf\">Vendim-Nr.12-Bashkia-Dropull<\/a><\/li>\n<li><a href=\"https:\/\/kmshc.al\/wp-content\/uploads\/2024\/05\/Vendim-Nr.13-Bashkia-Prrenjas.pdf\">Vendim-Nr.13-Bashkia-Prrenjas<\/a><\/li>\n<li><a href=\"https:\/\/kmshc.al\/wp-content\/uploads\/2024\/05\/Vendim-Nr.14-Bashkia-Kucove.pdf\">Vendim-Nr.14-Bashkia-Kucov\u00eb<\/a><\/li>\n<li><a href=\"https:\/\/kmshc.al\/wp-content\/uploads\/2024\/05\/Vendim-Nr.15-Bashkia-Divjake.pdf\">Vendim-Nr.15-Bashkia-Divjak\u00eb<\/a><\/li>\n<li><a href=\"https:\/\/kmshc.al\/wp-content\/uploads\/2024\/05\/Vendim-Nr.16-Bashkia-Ura-Vajgurore.pdf\">Vendim-Nr.16-Bashkia-Ura-Vajgurore<\/a><\/li>\n<li><a href=\"https:\/\/kmshc.al\/wp-content\/uploads\/2024\/05\/Vendim-Nr.17-TND.pdf\">Vendim-Nr.17-TND<\/a><\/li>\n<li><a href=\"https:\/\/kmshc.al\/wp-content\/uploads\/2024\/05\/Vendim-Nr.18-Bashkia-Fier.pdf\">Vendim-Nr.18-Bashkia-Fier<\/a><\/li>\n<li><a href=\"https:\/\/kmshc.al\/wp-content\/uploads\/2024\/05\/Vendim-Nr.19-Agjencia-per-Zhvillimin-Bujqesor-dhe-Rural.pdf\">Vendim-Nr.19-Agjencia-p\u00ebr-Zhvillimin-Bujq\u00ebsor-dhe-Rural<\/a><\/li>\n<li><a href=\"https:\/\/kmshc.al\/wp-content\/uploads\/2024\/05\/Vendim-Nr.20-AKEP.pdf\">Vendim-Nr.20-AKEP<\/a><\/li>\n<li><a href=\"https:\/\/kmshc.al\/wp-content\/uploads\/2024\/05\/Vendim-Nr.21-Bashkia-Polican_0.pdf\">Vendim-Nr.21-Bashkia-Poli\u00e7an_0<\/a><\/li>\n<li><a href=\"https:\/\/kmshc.al\/wp-content\/uploads\/2024\/05\/Vendim-Nr.22-Bashkia-Skrapar.pdf\">Vendim-Nr.22-Bashkia-Skrapar<\/a><\/li>\n<li><a href=\"https:\/\/kmshc.al\/wp-content\/uploads\/2024\/05\/Vendim-Nr.23-Agjencia-Kombetare-e-Bregdetit.pdf\">Vendim-Nr.23-Agjencia-Komb\u00ebtare-e-Bregdetit<\/a><\/li>\n<li><a href=\"https:\/\/kmshc.al\/wp-content\/uploads\/2024\/05\/Vendim-Nr.24-Bashkia-Memaliaj.pdf\">Vendim-Nr.24-Bashkia-Memaliaj<\/a><\/li>\n<li><a href=\"https:\/\/kmshc.al\/wp-content\/uploads\/2024\/05\/Vendim-Nr.25-Bashkia-Skrapar.pdf\">Vendim-Nr.25-Bashkia-Skrapar<\/a><\/li>\n<li><a href=\"https:\/\/kmshc.al\/wp-content\/uploads\/2024\/05\/Vendim-Nr.26-Bashkia-Polican.pdf\">Vendim-Nr.26-Bashkia-Poli\u00e7an<\/a><\/li>\n<li><a href=\"https:\/\/kmshc.al\/wp-content\/uploads\/2024\/05\/Vendim-Nr.27-Bashkia-Kelcyre-1.pdf\">Vendim-Nr.27-Bashkia-K\u00eblcyr\u00eb<\/a><\/li>\n<li><a href=\"https:\/\/kmshc.al\/wp-content\/uploads\/2024\/05\/Vendim-Nr.28-Bashkia-Korce.pdf\">Vendim-Nr.28-Bashkia-Kor\u00e7\u00eb<\/a><\/li>\n<li><a href=\"https:\/\/kmshc.al\/wp-content\/uploads\/2024\/05\/Vendim-Nr.29-Bashkia-Maliq.pdf\">Vendim-Nr.29-Bashkia-Maliq<\/a><\/li>\n<li><a href=\"https:\/\/kmshc.al\/wp-content\/uploads\/2024\/05\/Vendim-Nr.30-Bashkia-Devoll.pdf\">Vendim-Nr.30-Bashkia-Devoll<\/a><\/li>\n<li><a href=\"https:\/\/kmshc.al\/wp-content\/uploads\/2024\/05\/Vendim-Nr.31-Autoriteti-i-Konkurrences.pdf\">Vendim-Nr.31-Autoriteti-i-Konkurrenc\u00ebs<\/a><\/li>\n<li><a href=\"https:\/\/kmshc.al\/wp-content\/uploads\/2024\/05\/Vendim-Nr.32-Sherbimi-i-Proves.pdf\">Vendim-Nr.32-Sh\u00ebrbimi-i-Prov\u00ebs<\/a><\/li>\n<li><a href=\"https:\/\/kmshc.al\/wp-content\/uploads\/2024\/05\/Vendim-Nr.33-Inspektorati-Shteteror-i-Mjedisit.pdf\">Vendim-Nr.33-Inspektorati-Shtet\u00ebror-i-Mjedisit<\/a><\/li>\n<li><a href=\"https:\/\/kmshc.al\/wp-content\/uploads\/2024\/05\/Vendim-Nr.34-Drejtoria-e-Bujqesise-Tirane.pdf\">Vendim-Nr.34-Drejtoria-e-Bujq\u00ebsis\u00eb-Tiran\u00eb<\/a><\/li>\n<li><a href=\"https:\/\/kmshc.al\/wp-content\/uploads\/2024\/05\/Vendim-Nr.35-ish-Drejtorite-e-Bujqesise.pdf\">Vendim-Nr.35-ish-Drejtorit\u00eb-e-Bujq\u00ebsis\u00eb<\/a><\/li>\n<li><a href=\"https:\/\/kmshc.al\/wp-content\/uploads\/2024\/05\/Vendim-Nr.36-Komisioni-Qendror-i-Zgjedhje.pdf\">Vendim-Nr.36-Komisioni-Q\u00ebndror-i-Zgjedhje<\/a><\/li>\n<li><a href=\"https:\/\/kmshc.al\/wp-content\/uploads\/2024\/05\/Vendim-Nr.37-Bashkia-Delvine.pdf\">Vendim-Nr.37-Bashkia-Delvin\u00eb<\/a><\/li>\n<li><a href=\"https:\/\/kmshc.al\/wp-content\/uploads\/2024\/05\/Vendim-Nr.38-Autoriteti-i-Aviacionit-Civil.pdf\">Vendim-Nr.38-Autoriteti-i-Aviacionit-Civil<\/a><\/li>\n<li><a href=\"https:\/\/kmshc.al\/wp-content\/uploads\/2024\/05\/Vendim-Nr.39-Bashkia-Patos.pdf\">Vendim-Nr.39-Bashkia-Patos<\/a><\/li>\n<li><a href=\"https:\/\/kmshc.al\/wp-content\/uploads\/2024\/05\/Vendim-Nr.40-Bashkia-Tirane.pdf\">Vendim-Nr.40-Bashkia-Tiran\u00eb<\/a><\/li>\n<li><a href=\"https:\/\/kmshc.al\/wp-content\/uploads\/2024\/05\/Vendim-Nr.41-Bashkia-Finiq.pdf\">Vendim-Nr.41-Bashkia-Finiq<\/a><\/li>\n<li><a href=\"https:\/\/kmshc.al\/wp-content\/uploads\/2024\/05\/Vendim-Nr.42-Bashkia-Lezhe.pdf\">Vendim-Nr.42-Bashkia-Lezh\u00eb<\/a><\/li>\n<li><a href=\"https:\/\/kmshc.al\/wp-content\/uploads\/2024\/05\/Vendim-Nr.43-Bashkia-Roskovec.pdf\">Vendim-Nr.43-Bashkia-Roskovec<\/a><\/li>\n<li><a href=\"https:\/\/kmshc.al\/wp-content\/uploads\/2024\/05\/Vendim-Nr.44-Bashkia-Shijak.pdf\">Vendim-Nr.44-Bashkia-Shijak<\/a><\/li>\n<li><a href=\"https:\/\/kmshc.al\/wp-content\/uploads\/2024\/05\/Vendim-Nr.46-Keshilli-i-Qarkut-Durres.pdf\">Vendim-Nr.46-K\u00ebshilli-i-Qarkut-Durr\u00ebs<\/a><\/li>\n<li><a href=\"https:\/\/kmshc.al\/wp-content\/uploads\/2024\/05\/Vendim-Nr.50-Bashkia-Tirane.pdf\">Vendim-Nr.50-Bashkia-Tiran\u00eb<\/a><\/li>\n<li><a href=\"https:\/\/kmshc.al\/wp-content\/uploads\/2024\/05\/Vendim-Nr.52-Inspekorati-Shteteror-i-punes-dhe-Sherbimeve-Shoqerore.pdf\">Vendim-Nr.52-Inspekorati-Shtet\u00ebror-i-pun\u00ebs-dhe-Sh\u00ebrbimeve-Shoq\u00ebrore<\/a><\/li>\n<li><a href=\"https:\/\/kmshc.al\/wp-content\/uploads\/2024\/05\/Vendim-Nr.53-Keshilli-i-Qarkut-Shkoder.pdf\">Vendim-Nr.53-K\u00ebshilli-i-Qarkut-Shkod\u00ebr<\/a><\/li>\n<li><a href=\"https:\/\/kmshc.al\/wp-content\/uploads\/2024\/05\/Vendim-Nr.54-Bashkia-Pustec.pdf\">Vendim-Nr.54-Bashkia-Pustec<\/a><\/li>\n<li><a href=\"https:\/\/kmshc.al\/wp-content\/uploads\/2024\/05\/Vendim-Nr.55-Bashkia-Librazhd.pdf\">Vendim-Nr.55-Bashkia-Librazhd<\/a><\/li>\n<li><a href=\"https:\/\/kmshc.al\/wp-content\/uploads\/2024\/05\/Vendim-Nr.56-Instituti-i-Sigurise-Ushqimore-dhe-Veterinarise.pdf\">Vendim-Nr.56-Instituti-i-Siguris\u00eb-Ushqimore-dhe-Veterinaris\u00eb<\/a><\/li>\n<li><a href=\"https:\/\/kmshc.al\/wp-content\/uploads\/2024\/05\/Vendim-Nr.57-Bashkia-Vlore.pdf\">Vendim-Nr.57-Bashkia-Vlor\u00eb<\/a><\/li>\n<li><a href=\"https:\/\/kmshc.al\/wp-content\/uploads\/2024\/05\/Vendim-Nr.58-Bashkia-Himare_1.pdf\">Vendim-Nr.58-Bashkia-Himar\u00eb_1<\/a><\/li>\n<li><a href=\"https:\/\/kmshc.al\/wp-content\/uploads\/2024\/05\/Vendim-Nr.59-Sekretariati-i-Nismes-per-Transparence-ne-Industrine-Nxjerrese.pdf\">Vendim-Nr.59-Sekretariati-i-Nism\u00ebs-p\u00ebr-Transparenc\u00eb-n\u00eb-Industrin\u00eb-Nxjerr\u00ebse<\/a><\/li>\n<li><a href=\"https:\/\/kmshc.al\/wp-content\/uploads\/2024\/05\/Vendim-Nr.60-Instituti-i-Transportit.pdf\">Vendim-Nr.60-Instituti-i-Transportit<\/a><\/li>\n<li><a href=\"https:\/\/kmshc.al\/wp-content\/uploads\/2024\/05\/Vendim-Nr.61-Bashkia-Tirane-1.pdf\">Vendim-Nr.61-Bashkia-Tiran\u00eb<\/a><\/li>\n<li><a href=\"https:\/\/kmshc.al\/wp-content\/uploads\/2024\/05\/Vendim-Nr.62-Bashkia-Selenice.pdf\">Vendim-Nr.62-Bashkia-Selenic\u00eb<\/a><\/li>\n<li><a href=\"https:\/\/kmshc.al\/wp-content\/uploads\/2024\/05\/Vendim-Nr.63-Bashkia-Has.pdf\">Vendim-Nr.63-Bashkia-Has<\/a><\/li>\n<li><a href=\"https:\/\/kmshc.al\/wp-content\/uploads\/2024\/05\/Vendim-Nr.64-Bashkia-Tropoje-1.pdf\">Vendim-Nr.64-Bashkia-Tropoj\u00eb<\/a><\/li>\n<li><a href=\"https:\/\/kmshc.al\/wp-content\/uploads\/2024\/05\/Vendim-Nr.65-Bashkia-Cerrik.pdf\">Vendim-Nr.65-Bashkia-C\u00ebrrik<\/a><\/li>\n<li><a href=\"https:\/\/kmshc.al\/wp-content\/uploads\/2024\/05\/Vendim-Nr.66-Bashkia-Tirane.pdf\">Vendim-Nr.66-Bashkia-Tiran\u00eb<\/a><\/li>\n<li><a href=\"https:\/\/kmshc.al\/wp-content\/uploads\/2024\/05\/Vendim-Nr.67-Bashkia-Kolonje.pdf\">Vendim-Nr.67-Bashkia-Kolonj\u00eb<\/a><\/li>\n<li><a href=\"https:\/\/kmshc.al\/wp-content\/uploads\/2024\/05\/Vendim-Nr.68-Bashkia-Mirdite_1.pdf\">Vendim-Nr.68-Bashkia-Mirdit\u00eb_1<\/a><\/li>\n<li><a href=\"https:\/\/kmshc.al\/wp-content\/uploads\/2024\/05\/Vendim-Nr.69-Bashkia-Konispol.pdf\">Vendim-Nr.69-Bashkia-Konispol<\/a><\/li>\n<li><a href=\"https:\/\/kmshc.al\/wp-content\/uploads\/2024\/05\/Vendim-Nr.70-Bashkia-Vau-i-Dejes.pdf\">Vendim-Nr.70-Bashkia-Vau-i-Dej\u00ebs<\/a><\/li>\n<li><a href=\"https:\/\/kmshc.al\/wp-content\/uploads\/2024\/05\/Vendim-Nr.71-Bashkia-Vlore.pdf\">Vendim-Nr.71-Bashkia-Vlor\u00eb<\/a><\/li>\n<li><a href=\"https:\/\/kmshc.al\/wp-content\/uploads\/2024\/05\/Vendim-Nr.72-Bashkia-Pogradec.pdf\">Vendim-Nr.72-Bashkia-Pogradec<\/a><\/li>\n<li><a href=\"https:\/\/kmshc.al\/wp-content\/uploads\/2024\/05\/Vendim-Nr.73-Autoriteti-i-Aviacionit-Civil.pdf\">Vendim-Nr.73-Autoriteti-i-Aviacionit-Civil<\/a><\/li>\n<li><a href=\"https:\/\/kmshc.al\/wp-content\/uploads\/2024\/05\/Vendim-Nr.74-Bashkia-Peqin.pdf\">Vendim-Nr.74-Bashkia-Peqin<\/a><\/li>\n<li><a href=\"https:\/\/kmshc.al\/wp-content\/uploads\/2024\/05\/Vendim-Nr.75-Agjencia-e-Auditimit-te-Programeve-te-Akredituara-nga-Bashkimi-Evropian.pdf\">Vendim-Nr.75-Agjencia-e-Auditimit-t\u00eb-Programeve-t\u00eb-Akredituara-nga-Bashkimi-Evropian<\/a><\/li>\n<li><a href=\"https:\/\/kmshc.al\/wp-content\/uploads\/2024\/05\/Vendim-Nr.76-Inspektorati-Shteteror-i-Mjedisit-Pyjeve-dhe-Ujerave.pdf\">Vendim-Nr.76-Inspektorati-Shtet\u00ebror-i-Mjedisit-Pyjeve-dhe-Uj\u00ebrave<\/a><\/li>\n<li><a href=\"https:\/\/kmshc.al\/wp-content\/uploads\/2024\/05\/Vendim-Nr.77-Bashkia-Gramsh.pdf\">Vendim-Nr.77-Bashkia-Gramsh<\/a><\/li>\n<li><a href=\"https:\/\/kmshc.al\/wp-content\/uploads\/2024\/05\/Vendim-Nr.78-Autoriteti-i-Konkurrences.pdf\">Vendim-Nr.78-Autoriteti-i-Konkurrenc\u00ebs<\/a><\/li>\n<li><a href=\"https:\/\/kmshc.al\/wp-content\/uploads\/2024\/05\/Vendim-Nr.79-Komisioni-Qendror-i-Zgjedhjeve.pdf\">Vendim-Nr.79-Komisioni-Q\u00ebndror-i-Zgjedhjeve<\/a><\/li>\n<li><a href=\"https:\/\/kmshc.al\/wp-content\/uploads\/2024\/05\/Vendim-Nr.80-Bashkia-Malesi-e-Madhe.pdf\">Vendim-Nr.80-Bashkia-Mal\u00ebsi-e-Madhe<\/a><\/li>\n<li><a href=\"https:\/\/kmshc.al\/wp-content\/uploads\/2024\/05\/Vendim-Nr.81-Drejtoria-e-Pergjithshme-e-Sherbmit-te-Proves.pdf\">Vendim-Nr.81-Drejtoria-e-P\u00ebrgjithshme-e-Sh\u00ebrbmit-t\u00eb-Prov\u00ebs<\/a><\/li>\n<li><a href=\"https:\/\/kmshc.al\/wp-content\/uploads\/2024\/05\/Vendim-Nr.82-Agjencia-per-Zhvillimin-Bujqesor-dhe-Rural.pdf\">Vendim-Nr.82-Agjencia-p\u00ebr-Zhvillimin-Bujq\u00ebsor-dhe-Rural<\/a><\/li>\n<li><a href=\"https:\/\/kmshc.al\/wp-content\/uploads\/2024\/05\/Vendim-Nr.83-Autoriteti-i-Aviacionit-Civil.pdf\">Vendim-Nr.83-Autoriteti-i-Aviacionit-Civil<\/a><\/li>\n<li><a href=\"https:\/\/kmshc.al\/wp-content\/uploads\/2024\/05\/Vendim-Nr.84-Sekretariati-i-Nismes-per-Transparence-ne-Industrine-Njerrese.pdf\">Vendim-Nr.84-Sekretariati-i-Nism\u00ebs-p\u00ebr-Transparenc\u00eb-n\u00eb-Industrin\u00eb-Njerr\u00ebse<\/a><\/li>\n<li><a href=\"https:\/\/kmshc.al\/wp-content\/uploads\/2024\/05\/Vendim-Nr.85-Inspektorati-Shteteror-i-Mjedisit-Pyjeve-dhe-Ujerave.pdf\">Vendim-Nr.85-Inspektorati-Shtet\u00ebror-i-Mjedisit-Pyjeve-dhe-Uj\u00ebrave<\/a><\/li>\n<li><a href=\"https:\/\/kmshc.al\/wp-content\/uploads\/2024\/05\/Vendim-Nr.86-Bashkia-Has_0.pdf\">Vendim-Nr.86-Bashkia-Has_0<\/a><\/li>\n<li><a href=\"https:\/\/kmshc.al\/wp-content\/uploads\/2024\/05\/Vendim-Nr.87-Bashkia-Lezhe.pdf\">Vendim-Nr.87-Bashkia-Lezh\u00eb<\/a><\/li>\n<li><a href=\"https:\/\/kmshc.al\/wp-content\/uploads\/2024\/05\/Vendim-Nr.88-Bashkia-Pogradec.pdf\">Vendim-Nr.88-Bashkia-Pogradec<\/a><\/li>\n<li><a href=\"https:\/\/kmshc.al\/wp-content\/uploads\/2024\/05\/Vendim-Nr.89-Bashkia-Mirdite.pdf\">Vendim-Nr.89-Bashkia-Mirdit\u00eb<\/a><\/li>\n<li><a href=\"https:\/\/kmshc.al\/wp-content\/uploads\/2024\/05\/Vendim-Nr.90-Bashkia-Cerrik.pdf\">Vendim-Nr.90-Bashkia-C\u00ebrrik<\/a><\/li>\n<li><a href=\"https:\/\/kmshc.al\/wp-content\/uploads\/2024\/05\/Vendim-Nr.91-Prefekti-i-Qarkut-Lezhe.pdf\">Vendim-Nr.91-Prefekti-i-Qarkut-Lezh\u00eb<\/a><\/li>\n<li><a href=\"https:\/\/kmshc.al\/wp-content\/uploads\/2024\/05\/Vendim-Nr.92-Instituti-i-Transportit.pdf\">Vendim-Nr.92-Instituti-i-Transportit<\/a><\/li>\n<li><a href=\"https:\/\/kmshc.al\/wp-content\/uploads\/2024\/05\/Vendim-Nr.93-Agjencia-per-Zhvillimin-Bujqesor-dhe-Rural.pdf\">Vendim-Nr.93-Agjencia-p\u00ebr-Zhvillimin-Bujq\u00ebsor-dhe-Rural<\/a><\/li>\n<li><a href=\"https:\/\/kmshc.al\/wp-content\/uploads\/2024\/05\/Vendim-Nr.94-Bashkia-Himare.pdf\">Vendim-Nr.94-Bashkia-Himar\u00eb<\/a><\/li>\n<li><a href=\"https:\/\/kmshc.al\/wp-content\/uploads\/2024\/05\/Vendim-Nr.95-Qendra-e-Transferimit-te-Teknologjive-Bujqesore-Lushnje-dhe-Vlore.pdf\">Vendim-Nr.95-Qendra-e-Transferimit-t\u00eb-Teknologjive-Bujq\u00ebsore-Lushnje-dhe-Vlor\u00eb<\/a><\/li>\n<li><a href=\"https:\/\/kmshc.al\/wp-content\/uploads\/2024\/05\/Vendim-Nr.96-Qendra-e-Transferimit-te-Teknologjive-Bujqesore-Shkoder-dhe-Fushe-Kruje.pdf\">Vendim-Nr.96-Qendra-e-Transferimit-t\u00eb-Teknologjive-Bujq\u00ebsore-Shkod\u00ebr-dhe-Fush\u00eb-Kruj\u00eb<\/a><\/li>\n<li><a href=\"https:\/\/kmshc.al\/wp-content\/uploads\/2024\/05\/Vendim-Nr.97-Qendra-e-Transferimit-te-Teknologjive-Bujqesore-Korce.pdf\">Vendim-Nr.97-Qendra-e-Transferimit-t\u00eb-Teknologjive-Bujq\u00ebsore-Kor\u00e7\u00eb<\/a><\/li>\n<li><a href=\"https:\/\/kmshc.al\/wp-content\/uploads\/2024\/05\/Vendim-Nr.98-Inspektorati-Shteteror-i-Mjedisit-Pyjeve-Ujrave-dhe-Turizmit.pdf\">Vendim-Nr.98-Inspektorati-Shtet\u00ebror-i-Mjedisit-Pyjeve-Ujrave-dhe-Turizmit<\/a><\/li>\n<li><a href=\"https:\/\/kmshc.al\/wp-content\/uploads\/2024\/05\/Vendim-Nr.99-Keshilli-i-Qarkut-Tirane.pdf\">Vendim-Nr.99-K\u00ebshilli-i-Qarkut-Tiran\u00eb<\/a><\/li>\n<li><a href=\"https:\/\/kmshc.al\/wp-content\/uploads\/2024\/05\/Vendim-Nr.100-Inspektoriatin-Shteteror-te-Mjedisit-Pyjeve-dhe-Ujerave.pdf\">Vendim-Nr.100-Inspektoriatin-Shtet\u00ebror-t\u00eb-Mjedisit-Pyjeve-dhe-Uj\u00ebrave<\/a><\/li>\n<li><a href=\"https:\/\/kmshc.al\/wp-content\/uploads\/2024\/05\/Vendim-Nr.101-Bashkia-Vlore.pdf\">Vendim-Nr.101-Bashkia-Vlor\u00eb<\/a><\/li>\n<li><a href=\"https:\/\/kmshc.al\/wp-content\/uploads\/2024\/05\/Vendim-Nr.102-Bashkia-Selenice.pdf\">Vendim-Nr.102-Bashkia-Selenic\u00eb<\/a><\/li>\n<\/ul>\n<\/div><\/div><\/div><\/div><\/div>","protected":false},"excerpt":{"rendered":"","protected":false},"author":1,"featured_media":0,"parent":0,"menu_order":0,"comment_status":"closed","ping_status":"closed","template":"","meta":{"_acf_changed":false,"_piecal_is_event":false,"_piecal_start_date":"","_piecal_end_date":"","_piecal_is_allday":false,"footnotes":""},"class_list":["post-1876","page","type-page","status-publish","hentry"],"acf":[],"yoast_head":"<!-- This site is optimized with the Yoast SEO plugin v23.8 - https:\/\/yoast.com\/wordpress\/plugins\/seo\/ -->\n<title>Vendime 2018 - KMSHC<\/title>\n<meta name=\"robots\" content=\"index, follow, max-snippet:-1, max-image-preview:large, max-video-preview:-1\" \/>\n<link rel=\"canonical\" href=\"https:\/\/kmshc.al\/en\/vendime-2018\/\" \/>\n<meta property=\"og:locale\" content=\"en_GB\" \/>\n<meta property=\"og:type\" content=\"article\" \/>\n<meta property=\"og:title\" content=\"Vendime 2018 - KMSHC\" \/>\n<meta property=\"og:url\" content=\"https:\/\/kmshc.al\/en\/vendime-2018\/\" \/>\n<meta property=\"og:site_name\" content=\"KMSHC\" \/>\n<meta property=\"article:modified_time\" content=\"2024-05-29T10:36:42+00:00\" \/>\n<meta name=\"twitter:card\" content=\"summary_large_image\" \/>\n<meta name=\"twitter:label1\" content=\"Estimated reading time\" \/>\n\t<meta name=\"twitter:data1\" content=\"4 minutes\" \/>\n<script type=\"application\/ld+json\" class=\"yoast-schema-graph\">{\"@context\":\"https:\/\/schema.org\",\"@graph\":[{\"@type\":\"WebPage\",\"@id\":\"https:\/\/kmshc.al\/vendime-2018\/\",\"url\":\"https:\/\/kmshc.al\/vendime-2018\/\",\"name\":\"Vendime 2018 - KMSHC\",\"isPartOf\":{\"@id\":\"https:\/\/kmshc.al\/#website\"},\"datePublished\":\"2024-05-09T10:22:14+00:00\",\"dateModified\":\"2024-05-29T10:36:42+00:00\",\"breadcrumb\":{\"@id\":\"https:\/\/kmshc.al\/vendime-2018\/#breadcrumb\"},\"inLanguage\":\"en-GB\",\"potentialAction\":[{\"@type\":\"ReadAction\",\"target\":[\"https:\/\/kmshc.al\/vendime-2018\/\"]}]},{\"@type\":\"BreadcrumbList\",\"@id\":\"https:\/\/kmshc.al\/vendime-2018\/#breadcrumb\",\"itemListElement\":[{\"@type\":\"ListItem\",\"position\":1,\"name\":\"Home\",\"item\":\"https:\/\/kmshc.al\/\"},{\"@type\":\"ListItem\",\"position\":2,\"name\":\"Vendime 2018\"}]},{\"@type\":\"WebSite\",\"@id\":\"https:\/\/kmshc.al\/#website\",\"url\":\"https:\/\/kmshc.al\/\",\"name\":\"KMSHC\",\"description\":\"Komisioneri per mbikqyrjen e sherbimit Civil\",\"publisher\":{\"@id\":\"https:\/\/kmshc.al\/#organization\"},\"potentialAction\":[{\"@type\":\"SearchAction\",\"target\":{\"@type\":\"EntryPoint\",\"urlTemplate\":\"https:\/\/kmshc.al\/?s={search_term_string}\"},\"query-input\":{\"@type\":\"PropertyValueSpecification\",\"valueRequired\":true,\"valueName\":\"search_term_string\"}}],\"inLanguage\":\"en-GB\"},{\"@type\":\"Organization\",\"@id\":\"https:\/\/kmshc.al\/#organization\",\"name\":\"KMSHC\",\"url\":\"https:\/\/kmshc.al\/\",\"logo\":{\"@type\":\"ImageObject\",\"inLanguage\":\"en-GB\",\"@id\":\"https:\/\/kmshc.al\/#\/schema\/logo\/image\/\",\"url\":\"https:\/\/kmshc.al\/wp-content\/uploads\/2024\/07\/logo-kmshc-200x130-1.png\",\"contentUrl\":\"https:\/\/kmshc.al\/wp-content\/uploads\/2024\/07\/logo-kmshc-200x130-1.png\",\"width\":200,\"height\":130,\"caption\":\"KMSHC\"},\"image\":{\"@id\":\"https:\/\/kmshc.al\/#\/schema\/logo\/image\/\"}}]}<\/script>\n<!-- \/ Yoast SEO plugin. -->","yoast_head_json":{"title":"Vendime 2018 - KMSHC","robots":{"index":"index","follow":"follow","max-snippet":"max-snippet:-1","max-image-preview":"max-image-preview:large","max-video-preview":"max-video-preview:-1"},"canonical":"https:\/\/kmshc.al\/en\/vendime-2018\/","og_locale":"en_GB","og_type":"article","og_title":"Vendime 2018 - KMSHC","og_url":"https:\/\/kmshc.al\/en\/vendime-2018\/","og_site_name":"KMSHC","article_modified_time":"2024-05-29T10:36:42+00:00","twitter_card":"summary_large_image","twitter_misc":{"Estimated reading time":"4 minutes"},"schema":{"@context":"https:\/\/schema.org","@graph":[{"@type":"WebPage","@id":"https:\/\/kmshc.al\/vendime-2018\/","url":"https:\/\/kmshc.al\/vendime-2018\/","name":"Vendime 2018 - KMSHC","isPartOf":{"@id":"https:\/\/kmshc.al\/#website"},"datePublished":"2024-05-09T10:22:14+00:00","dateModified":"2024-05-29T10:36:42+00:00","breadcrumb":{"@id":"https:\/\/kmshc.al\/vendime-2018\/#breadcrumb"},"inLanguage":"en-GB","potentialAction":[{"@type":"ReadAction","target":["https:\/\/kmshc.al\/vendime-2018\/"]}]},{"@type":"BreadcrumbList","@id":"https:\/\/kmshc.al\/vendime-2018\/#breadcrumb","itemListElement":[{"@type":"ListItem","position":1,"name":"Home","item":"https:\/\/kmshc.al\/"},{"@type":"ListItem","position":2,"name":"Vendime 2018"}]},{"@type":"WebSite","@id":"https:\/\/kmshc.al\/#website","url":"https:\/\/kmshc.al\/","name":"KMSHC","description":"Komisioneri per mbikqyrjen e sherbimit Civil","publisher":{"@id":"https:\/\/kmshc.al\/#organization"},"potentialAction":[{"@type":"SearchAction","target":{"@type":"EntryPoint","urlTemplate":"https:\/\/kmshc.al\/?s={search_term_string}"},"query-input":{"@type":"PropertyValueSpecification","valueRequired":true,"valueName":"search_term_string"}}],"inLanguage":"en-GB"},{"@type":"Organization","@id":"https:\/\/kmshc.al\/#organization","name":"KMSHC","url":"https:\/\/kmshc.al\/","logo":{"@type":"ImageObject","inLanguage":"en-GB","@id":"https:\/\/kmshc.al\/#\/schema\/logo\/image\/","url":"https:\/\/kmshc.al\/wp-content\/uploads\/2024\/07\/logo-kmshc-200x130-1.png","contentUrl":"https:\/\/kmshc.al\/wp-content\/uploads\/2024\/07\/logo-kmshc-200x130-1.png","width":200,"height":130,"caption":"KMSHC"},"image":{"@id":"https:\/\/kmshc.al\/#\/schema\/logo\/image\/"}}]}},"_links":{"self":[{"href":"https:\/\/kmshc.al\/en\/wp-json\/wp\/v2\/pages\/1876","targetHints":{"allow":["GET"]}}],"collection":[{"href":"https:\/\/kmshc.al\/en\/wp-json\/wp\/v2\/pages"}],"about":[{"href":"https:\/\/kmshc.al\/en\/wp-json\/wp\/v2\/types\/page"}],"author":[{"embeddable":true,"href":"https:\/\/kmshc.al\/en\/wp-json\/wp\/v2\/users\/1"}],"replies":[{"embeddable":true,"href":"https:\/\/kmshc.al\/en\/wp-json\/wp\/v2\/comments?post=1876"}],"version-history":[{"count":3,"href":"https:\/\/kmshc.al\/en\/wp-json\/wp\/v2\/pages\/1876\/revisions"}],"predecessor-version":[{"id":3609,"href":"https:\/\/kmshc.al\/en\/wp-json\/wp\/v2\/pages\/1876\/revisions\/3609"}],"wp:attachment":[{"href":"https:\/\/kmshc.al\/en\/wp-json\/wp\/v2\/media?parent=1876"}],"curies":[{"name":"wp","href":"https:\/\/api.w.org\/{rel}","templated":true}]}}