{"id":1028,"date":"2024-04-26T11:17:13","date_gmt":"2024-04-26T11:17:13","guid":{"rendered":"https:\/\/iw.al\/kmshc\/?page_id=1028"},"modified":"2026-02-12T13:14:09","modified_gmt":"2026-02-12T13:14:09","slug":"vende-vakante","status":"publish","type":"page","link":"https:\/\/kmshc.al\/en\/vende-vakante\/","title":{"rendered":"VACANCIES"},"content":{"rendered":"<div class=\"fusion-fullwidth fullwidth-box fusion-builder-row-1 fusion-flex-container has-pattern-background has-mask-background nonhundred-percent-fullwidth non-hundred-percent-height-scrolling\" style=\"--awb-border-radius-top-left:0px;--awb-border-radius-top-right:0px;--awb-border-radius-bottom-right:0px;--awb-border-radius-bottom-left:0px;--awb-flex-wrap:wrap;\" ><div class=\"fusion-builder-row fusion-row fusion-flex-align-items-flex-start fusion-flex-content-wrap\" style=\"max-width:1216.8px;margin-left: calc(-4% \/ 2 );margin-right: calc(-4% \/ 2 );\"><div class=\"fusion-layout-column fusion_builder_column fusion-builder-column-0 fusion_builder_column_1_4 1_4 fusion-flex-column\" style=\"--awb-bg-size:cover;--awb-width-large:25%;--awb-margin-top-large:0px;--awb-spacing-right-large:7.68%;--awb-margin-bottom-large:20px;--awb-spacing-left-large:7.68%;--awb-width-medium:100%;--awb-order-medium:0;--awb-spacing-right-medium:1.92%;--awb-spacing-left-medium:1.92%;--awb-width-small:100%;--awb-order-small:0;--awb-spacing-right-small:1.92%;--awb-spacing-left-small:1.92%;\"><div class=\"fusion-column-wrapper fusion-column-has-shadow fusion-flex-justify-content-flex-start fusion-content-layout-column\"><div ><a class=\"fusion-button button-flat fusion-button-default-size button-default fusion-button-default button-1 fusion-button-default-span fusion-button-default-type\" target=\"_blank\" rel=\"noopener noreferrer\" href=\"https:\/\/kmshc.al\/wp-content\/uploads\/2026\/02\/Vendim-per-miratimin-e-Planit-Vjetor-te-Rekrutimit-per-vitin-2026.pdf\"><span class=\"fusion-button-text\">Miratimi i Planit Vjetor te Rekrutimit<\/span><\/a><\/div><\/div><\/div><div class=\"fusion-layout-column fusion_builder_column fusion-builder-column-1 fusion_builder_column_3_4 3_4 fusion-flex-column\" style=\"--awb-bg-size:cover;--awb-width-large:75%;--awb-margin-top-large:0px;--awb-spacing-right-large:2.56%;--awb-margin-bottom-large:20px;--awb-spacing-left-large:2.56%;--awb-width-medium:100%;--awb-order-medium:0;--awb-spacing-right-medium:1.92%;--awb-spacing-left-medium:1.92%;--awb-width-small:100%;--awb-order-small:0;--awb-spacing-right-small:1.92%;--awb-spacing-left-small:1.92%;\"><div class=\"fusion-column-wrapper fusion-column-has-shadow fusion-flex-justify-content-flex-start fusion-content-layout-column\"><style type=\"text\/css\">.fusion-faqs-wrapper #accordian-1 .fusion-panel { border-color:var(--awb-color3); }.fusion-faqs-wrapper #accordian-1 .fusion-panel:hover{ border-color: var(--awb-color3); }.fusion-accordian #accordian-1 .panel-title a .fa-fusion-box:before{ font-size: 16px;width: 16px;}.fusion-accordian #accordian-1 .panel-title a .fa-fusion-box{ color: var(--awb-color1);}.fusion-accordian  #accordian-1 .panel-title a{font-family:var(--awb-typography1-font-family);font-weight:var(--awb-typography1-font-weight);font-style:var(--awb-typography1-font-style);}.fusion-accordian  #accordian-1 .panel-title a:not(:hover){}.fusion-accordian  #accordian-1 .toggle-content{font-family:var(--awb-typography4-font-family);font-weight:var(--awb-typography4-font-weight);font-style:var(--awb-typography4-font-style);}.fusion-accordian #accordian-1 .fa-fusion-box { background-color: var(--awb-color7) !important;border-color: var(--awb-color7) !important;}.fusion-accordian #accordian-1 .panel-title a:hover,.fusion-accordian #accordian-1 .panel-title a.hover { color: var(--awb-color4);}.fusion-faq-shortcode .fusion-accordian #accordian-1 .fusion-toggle-boxed-mode:hover .panel-title a { color: var(--awb-color4);}.fusion-accordian #accordian-1 .panel-title .active .fa-fusion-box,.fusion-accordian #accordian-1 .panel-title a:hover .fa-fusion-box,.fusion-accordian #accordian-1 .panel-title a.hover .fa-fusion-box { background-color: var(--awb-color4)!important;border-color: var(--awb-color4)!important;}<\/style><div class=\"fusion-faq-shortcode\" style=\"\"><ul role=\"menu\" class=\"fusion-filters clearfix\"><li role=\"presentation\" class=\"fusion-filter fusion-filter-all fusion-active\"><a role=\"menuitem\" data-filter=\"*\" href=\"#\">All<\/a><\/li><li role=\"presentation\" class=\"fusion-filter fusion-hidden\"><a role=\"menuitem\" data-filter=\".vende-vakante\" href=\"#\">VACANCIES<\/a><\/li><\/ul><div class=\"fusion-faqs-wrapper\"><div class=\"accordian fusion-accordian\"><div class=\"panel-group\" id=\"accordian-1\"><div class=\"fusion-panel panel-default fusion-faq-post fusion-faq-post-5201 vende-vakante\"><span class=\"entry-title rich-snippet-hidden\">Vacancy (IT Specialist)<\/span><span class=\"vcard rich-snippet-hidden\"><span class=\"fn\"><a href=\"https:\/\/kmshc.al\/en\/author\/admin-interweb\/\" title=\"Posts by admin-interweb\" rel=\"author\">admin-interweb<\/a><\/span><\/span><span class=\"updated rich-snippet-hidden\">2026-02-27T12:20:04+00:00<\/span><div class=\"panel-heading\"><h4 id=\"faq_1-5201\" class=\"panel-title toggle\"><a data-toggle=\"collapse\" class=\"collapsed\" data-parent=\"#accordian-1\" data-target=\"#collapse-1-5201\" href=\"#collapse-1-5201\" aria-expanded=\"false\"><div class=\"fusion-toggle-icon-wrapper\"><div class=\"fusion-toggle-icon-wrapper-main\"><div class=\"fusion-toggle-icon-wrapper-sub\"><i class=\"fa-fusion-box active-icon awb-icon-minus\" aria-hidden=\"true\"><\/i><i class=\"fa-fusion-box inactive-icon awb-icon-plus\" aria-hidden=\"true\"><\/i><\/div><\/div><\/div><div class=\"fusion-toggle-heading\">Vacancy (IT Specialist)<\/div><\/a><\/h4><\/div><div id=\"collapse-1-5201\" aria-labelledby=\"faq_1-5201\" class=\"panel-collapse collapse\"><div class=\"panel-body toggle-content post-content\"><div style=\"border: 1px solid #e6e9f0; border-left: 4px solid #010048; padding: 16px; border-radius: 8px; background: #ffffff; max-width: 600px; font-family: Arial, sans-serif;\">\n<div style=\"font-size: 15px; font-weight: bold; color: #010048; margin-bottom: 8px;\">Position \u2013 IT Specialist in the Finance and Support Services Directorate \u2013 Salary Category IV-1<\/div>\n<div><strong>Type of Degree - Social Sciences\u00a0<\/strong><\/div>\n<div><strong>Minimum Diploma Level - Master of Science\u00a0<\/strong><\/div>\n<div><\/div>\n<div style=\"color: #444; margin-bottom: 10px;\"><strong><a href=\"https:\/\/kmshc.al\/wp-content\/uploads\/2026\/02\/Njoftim-mbi-rezultatet-e-verifikimit-paraprak-lev-paralele-pozicioni-Specialit-IT.pdf\">Parallel Movement<\/a><\/strong><\/div>\n<div style=\"margin-bottom: 6px;\"><strong style=\"color: #010048;\">Deadline: <\/strong>09.02.2026<\/div>\n<div><\/div>\n<div style=\"margin-bottom: 16px;\"><a href=\"https:\/\/kmshc.al\/wp-content\/uploads\/2026\/02\/NJOFTIM-MBI-REZULTATET-E-VERIFIKIMIT-PARAPRAK-IT.pdf\"><span style=\"color: #010048;\"><b>Pranim n\u00eb sh\u00ebrbimin civil<\/b><\/span><\/a><\/div>\n<div style=\"margin-bottom: 16px;\"><strong style=\"color: #010048;\">Deadline:<\/strong> 13.02.2026<\/div>\n<div><a href=\"https:\/\/kmshc.al\/wp-content\/uploads\/2026\/02\/Njoftim-fituesi-IT-1-1.pdf\"><strong>FITUESI<\/strong><\/a><\/div>\n<\/div>\n<div style=\"border: 1px solid #e6e9f0; border-left: 4px solid #010048; padding: 16px; border-radius: 8px; background: #ffffff; max-width: 600px; font-family: Arial, sans-serif;\">\n<div><\/div>\n<p><a style=\"display: inline-block; padding: 10px 18px; background: #0057b7; color: #ffffff; text-decoration: none; border-radius: 6px; font-weight: bold; font-size: 14px; transition: all 0.3s ease;\" href=\"https:\/\/kmshc.al\/wp-content\/uploads\/2026\/01\/Shpallje-per-specialist-IT.pdf\" target=\"_blank\" rel=\"noopener\">View Advertisement<br \/>\n<\/a><\/p>\n<\/div>\n<\/div><\/div><\/div><div class=\"fusion-panel panel-default fusion-faq-post fusion-faq-post-5197 vende-vakante\"><span class=\"entry-title rich-snippet-hidden\">Vacancy (Archive-Protocol Specialist)<\/span><span class=\"vcard rich-snippet-hidden\"><span class=\"fn\"><a href=\"https:\/\/kmshc.al\/en\/author\/kmshc_alida\/\" title=\"Posts by kmshc_alida\" rel=\"author\">kmshc_alida<\/a><\/span><\/span><span class=\"updated rich-snippet-hidden\">2026-03-02T11:56:30+00:00<\/span><div class=\"panel-heading\"><h4 id=\"faq_1-5197\" class=\"panel-title toggle\"><a data-toggle=\"collapse\" class=\"collapsed\" data-parent=\"#accordian-1\" data-target=\"#collapse-1-5197\" href=\"#collapse-1-5197\" aria-expanded=\"false\"><div class=\"fusion-toggle-icon-wrapper\"><div class=\"fusion-toggle-icon-wrapper-main\"><div class=\"fusion-toggle-icon-wrapper-sub\"><i class=\"fa-fusion-box active-icon awb-icon-minus\" aria-hidden=\"true\"><\/i><i class=\"fa-fusion-box inactive-icon awb-icon-plus\" aria-hidden=\"true\"><\/i><\/div><\/div><\/div><div class=\"fusion-toggle-heading\">Vacancy (Archive-Protocol Specialist)<\/div><\/a><\/h4><\/div><div id=\"collapse-1-5197\" aria-labelledby=\"faq_1-5197\" class=\"panel-collapse collapse\"><div class=\"panel-body toggle-content post-content\"><div style=\"border: 1px solid #e6e9f0; border-left: 4px solid #010048; padding: 16px; border-radius: 8px; background: #ffffff; max-width: 600px; font-family: Arial, sans-serif;\">\n<div style=\"font-size: 15px; font-weight: bold; color: #010048; margin-bottom: 8px;\">Position \u2013 Archive-Protocol Specialist in the Directorate of Finance and Support Services \u2013 Salary Category IV-3<\/div>\n<div><\/div>\n<div style=\"color: #444; margin-bottom: 10px;\"><a href=\"https:\/\/kmshc.al\/wp-content\/uploads\/2026\/02\/NJOFTIM-MBI-REZULTATET-E-VERIFIKIMIT-LP-Specialist-Arkiv-Protokoll.pdf\">Parallel Movement<\/a><\/div>\n<div style=\"margin-bottom: 6px;\"><strong style=\"color: #010048;\">Deadline:<\/strong> 09.02.2026<\/div>\n<div style=\"margin-bottom: 16px;\"><a href=\"https:\/\/kmshc.al\/wp-content\/uploads\/2026\/02\/NJOFTIM-MBI-REZULTATET-E-VERIFIKIMIT-PARAPRAK-Arkiv-Protokoll.pdf\"><strong>Pranim n\u00eb sh\u00ebrbimin civil<\/strong><\/a><\/div>\n<div style=\"margin-bottom: 16px;\"><strong style=\"color: #010048;\">Deadline:<\/strong> 13.02.2026<\/div>\n<div><a href=\"https:\/\/kmshc.al\/wp-content\/uploads\/2026\/03\/NJOFTIM-FITUESI.pdf\"><strong>FITUESI<\/strong><\/a><\/div>\n<\/div>\n<div style=\"border: 1px solid #e6e9f0; border-left: 4px solid #010048; padding: 16px; border-radius: 8px; background: #ffffff; max-width: 600px; font-family: Arial, sans-serif;\">\n<div><\/div>\n<p><a style=\"display: inline-block; padding: 10px 18px; background: #0057b7; color: #ffffff; text-decoration: none; border-radius: 6px; font-weight: bold; font-size: 14px; transition: all 0.3s ease;\" href=\"https:\/\/kmshc.al\/wp-content\/uploads\/2026\/01\/Shpallje-per-specialist-arkiv-protokolli.pdf\" target=\"_blank\" rel=\"noopener\">View Advertisement<br \/>\n<\/a><\/p>\n<\/div>\n<\/div><\/div><\/div><div class=\"fusion-panel panel-default fusion-faq-post fusion-faq-post-5195 vende-vakante\"><span class=\"entry-title rich-snippet-hidden\">Vacancy (Inspector)<\/span><span class=\"vcard rich-snippet-hidden\"><span class=\"fn\"><a href=\"https:\/\/kmshc.al\/en\/author\/admin-interweb\/\" title=\"Posts by admin-interweb\" rel=\"author\">admin-interweb<\/a><\/span><\/span><span class=\"updated rich-snippet-hidden\">2026-02-24T09:00:31+00:00<\/span><div class=\"panel-heading\"><h4 id=\"faq_1-5195\" class=\"panel-title toggle\"><a data-toggle=\"collapse\" class=\"collapsed\" data-parent=\"#accordian-1\" data-target=\"#collapse-1-5195\" href=\"#collapse-1-5195\" aria-expanded=\"false\"><div class=\"fusion-toggle-icon-wrapper\"><div class=\"fusion-toggle-icon-wrapper-main\"><div class=\"fusion-toggle-icon-wrapper-sub\"><i class=\"fa-fusion-box active-icon awb-icon-minus\" aria-hidden=\"true\"><\/i><i class=\"fa-fusion-box inactive-icon awb-icon-plus\" aria-hidden=\"true\"><\/i><\/div><\/div><\/div><div class=\"fusion-toggle-heading\">Vacancy (Inspector)<\/div><\/a><\/h4><\/div><div id=\"collapse-1-5195\" aria-labelledby=\"faq_1-5195\" class=\"panel-collapse collapse\"><div class=\"panel-body toggle-content post-content\"><div style=\"border: 1px solid #e6e9f0; border-left: 4px solid #010048; padding: 16px; border-radius: 8px; background: #ffffff; max-width: 600px; font-family: Arial, sans-serif;\">\n<div style=\"font-size: 15px; font-weight: bold; color: #010048; margin-bottom: 8px;\">Position - Inspector in the Supervision Directorate - Salary Category III-1<\/div>\n<div>Minimum Diploma Level - Master of Science<\/div>\n<div><\/div>\n<div style=\"color: #444; margin-bottom: 10px;\"><a href=\"https:\/\/kmshc.al\/wp-content\/uploads\/2026\/02\/Njoftim-mbi-verifikimin-per-lp-kategorine-e-ulet-drejtuese.pdf\">Parallel Movement<\/a><\/div>\n<div style=\"margin-bottom: 6px;\"><strong style=\"color: #010048;\">Deadline:<\/strong> 10.02.2026<\/div>\n<div><\/div>\n<div style=\"margin-bottom: 16px;\"><a href=\"https:\/\/kmshc.al\/wp-content\/uploads\/2026\/02\/njoftim-per-permbyllje-te-procedures.pdf\"><strong style=\"color: #010048;\">Promotion\u00a0<\/strong><\/a><\/div>\n<div style=\"margin-bottom: 16px;\"><strong style=\"color: #010048;\">Deadline:<\/strong> 16.02.2026<\/div>\n<div><\/div>\n<div style=\"margin-bottom: 16px;\"><strong><a href=\"https:\/\/kmshc.al\/wp-content\/uploads\/2026\/02\/08-Fitues.pdf\">FITUESI<\/a><\/strong><\/div>\n<\/div>\n<div style=\"border: 1px solid #e6e9f0; border-left: 4px solid #010048; padding: 16px; border-radius: 8px; background: #ffffff; max-width: 600px; font-family: Arial, sans-serif;\">\n<p><a style=\"display: inline-block; padding: 10px 18px; background: #0057b7; color: #ffffff; text-decoration: none; border-radius: 6px; font-weight: bold; font-size: 14px; transition: all 0.3s ease;\" href=\"https:\/\/kmshc.al\/wp-content\/uploads\/2026\/01\/shpallje-per-Inspektor-ne-DM.pdf\" target=\"_blank\" rel=\"noopener\">View Advertisement<br \/>\n<\/a><\/p>\n<\/div>\n<\/div><\/div><\/div><div class=\"fusion-panel panel-default fusion-faq-post fusion-faq-post-5187 vende-vakante\"><span class=\"entry-title rich-snippet-hidden\">Vendi Vakant (Drejtor i Financave dhe Sh\u00ebrbimeve Mb\u00ebshtet\u00ebse)<\/span><span class=\"vcard rich-snippet-hidden\"><span class=\"fn\"><a href=\"https:\/\/kmshc.al\/en\/author\/admin-interweb\/\" title=\"Posts by admin-interweb\" rel=\"author\">admin-interweb<\/a><\/span><\/span><span class=\"updated rich-snippet-hidden\">2026-02-27T12:14:40+00:00<\/span><div class=\"panel-heading\"><h4 id=\"faq_1-5187\" class=\"panel-title toggle\"><a data-toggle=\"collapse\" class=\"collapsed\" data-parent=\"#accordian-1\" data-target=\"#collapse-1-5187\" href=\"#collapse-1-5187\" aria-expanded=\"false\"><div class=\"fusion-toggle-icon-wrapper\"><div class=\"fusion-toggle-icon-wrapper-main\"><div class=\"fusion-toggle-icon-wrapper-sub\"><i class=\"fa-fusion-box active-icon awb-icon-minus\" aria-hidden=\"true\"><\/i><i class=\"fa-fusion-box inactive-icon awb-icon-plus\" aria-hidden=\"true\"><\/i><\/div><\/div><\/div><div class=\"fusion-toggle-heading\">Vendi Vakant (Drejtor i Financave dhe Sh\u00ebrbimeve Mb\u00ebshtet\u00ebse)<\/div><\/a><\/h4><\/div><div id=\"collapse-1-5187\" aria-labelledby=\"faq_1-5187\" class=\"panel-collapse collapse\"><div class=\"panel-body toggle-content post-content\"><div style=\"border: 1px solid #e6e9f0; border-left: 4px solid #010048; padding: 16px; border-radius: 8px; background: #ffffff; max-width: 600px; font-family: Arial, sans-serif;\">\n<div style=\"font-size: 15px; font-weight: bold; color: #010048; margin-bottom: 8px;\">Pozicioni \u2013 Drejtor n\u00eb Drejtorin\u00eb e Financave dhe Sh\u00ebrbimeve Mb\u00ebshtet\u00ebse-Kategoria e pag\u00ebs- II-1<\/div>\n<div>Lloji i Diplom\u00ebs- Shkenca Ekonomike<\/div>\n<div>Minimum Diploma Level - Master of Science<\/div>\n<div><\/div>\n<div style=\"color: #444; margin-bottom: 10px;\"><a href=\"https:\/\/kmshc.al\/wp-content\/uploads\/2026\/02\/Njoftim-mbi-rezultatet-e-verifikimit-per-lp-ne-kategorine-e-mesme-drejtuese-pdf.pdf\">Parallel Movement<\/a><\/div>\n<div style=\"margin-bottom: 6px;\"><strong style=\"color: #010048;\">Deadline:<\/strong> 13.02.2026<\/div>\n<div><\/div>\n<div style=\"margin-bottom: 16px;\"><a href=\"https:\/\/kmshc.al\/wp-content\/uploads\/2026\/02\/njoftim-per-permbyllje-te-procedures-2.pdf\"><strong style=\"color: #010048;\">Promotion\u00a0<\/strong><\/a><\/div>\n<div style=\"margin-bottom: 16px;\"><strong style=\"color: #010048;\">Deadline:<\/strong> 19.02.2026<\/div>\n<div><a href=\"https:\/\/kmshc.al\/wp-content\/uploads\/2026\/02\/9.-Njoftim-Fituesi-1.pdf\"><strong>FITUESI<\/strong><\/a><\/div>\n<\/div>\n<div style=\"border: 1px solid #e6e9f0; border-left: 4px solid #010048; padding: 16px; border-radius: 8px; background: #ffffff; max-width: 600px; font-family: Arial, sans-serif;\">\n<div><\/div>\n<p><a style=\"display: inline-block; padding: 10px 18px; background: #0057b7; color: #ffffff; text-decoration: none; border-radius: 6px; font-weight: bold; font-size: 14px; transition: all 0.3s ease;\" href=\"https:\/\/kmshc.al\/wp-content\/uploads\/2026\/02\/shpallje-per-Drejtor-Finances-dhe-Sherbimeve-Mbeshtetese-pdf-1.pdf\" target=\"_blank\" rel=\"noopener\">View Advertisement<br \/>\n<\/a><\/p>\n<\/div>\n<\/div><\/div><\/div><\/div><\/div><\/div><\/div><\/div><\/div><\/div><\/div>","protected":false},"excerpt":{"rendered":"","protected":false},"author":1,"featured_media":0,"parent":0,"menu_order":0,"comment_status":"closed","ping_status":"closed","template":"","meta":{"_acf_changed":false,"_piecal_is_event":false,"_piecal_start_date":"","_piecal_end_date":"","_piecal_is_allday":false,"footnotes":""},"class_list":["post-1028","page","type-page","status-publish","hentry"],"acf":[],"yoast_head":"<!-- This site is optimized with the Yoast SEO plugin v23.8 - https:\/\/yoast.com\/wordpress\/plugins\/seo\/ -->\n<title>Vende vakante - KMSHC<\/title>\n<meta name=\"robots\" content=\"index, follow, max-snippet:-1, max-image-preview:large, max-video-preview:-1\" \/>\n<link rel=\"canonical\" href=\"https:\/\/kmshc.al\/en\/vende-vakante\/\" \/>\n<meta property=\"og:locale\" content=\"en_GB\" \/>\n<meta property=\"og:type\" content=\"article\" \/>\n<meta property=\"og:title\" content=\"Vende vakante - KMSHC\" \/>\n<meta property=\"og:url\" content=\"https:\/\/kmshc.al\/en\/vende-vakante\/\" \/>\n<meta property=\"og:site_name\" content=\"KMSHC\" \/>\n<meta property=\"article:modified_time\" content=\"2026-02-12T13:14:09+00:00\" \/>\n<meta name=\"twitter:card\" content=\"summary_large_image\" \/>\n<meta name=\"twitter:label1\" content=\"Estimated reading time\" \/>\n\t<meta name=\"twitter:data1\" content=\"1 minute\" \/>\n<script type=\"application\/ld+json\" class=\"yoast-schema-graph\">{\"@context\":\"https:\/\/schema.org\",\"@graph\":[{\"@type\":\"WebPage\",\"@id\":\"https:\/\/kmshc.al\/vende-vakante\/\",\"url\":\"https:\/\/kmshc.al\/vende-vakante\/\",\"name\":\"Vende vakante - KMSHC\",\"isPartOf\":{\"@id\":\"https:\/\/kmshc.al\/#website\"},\"datePublished\":\"2024-04-26T11:17:13+00:00\",\"dateModified\":\"2026-02-12T13:14:09+00:00\",\"breadcrumb\":{\"@id\":\"https:\/\/kmshc.al\/vende-vakante\/#breadcrumb\"},\"inLanguage\":\"en-GB\",\"potentialAction\":[{\"@type\":\"ReadAction\",\"target\":[\"https:\/\/kmshc.al\/vende-vakante\/\"]}]},{\"@type\":\"BreadcrumbList\",\"@id\":\"https:\/\/kmshc.al\/vende-vakante\/#breadcrumb\",\"itemListElement\":[{\"@type\":\"ListItem\",\"position\":1,\"name\":\"Home\",\"item\":\"https:\/\/kmshc.al\/\"},{\"@type\":\"ListItem\",\"position\":2,\"name\":\"Vende vakante\"}]},{\"@type\":\"WebSite\",\"@id\":\"https:\/\/kmshc.al\/#website\",\"url\":\"https:\/\/kmshc.al\/\",\"name\":\"KMSHC\",\"description\":\"Komisioneri per mbikqyrjen e sherbimit Civil\",\"publisher\":{\"@id\":\"https:\/\/kmshc.al\/#organization\"},\"potentialAction\":[{\"@type\":\"SearchAction\",\"target\":{\"@type\":\"EntryPoint\",\"urlTemplate\":\"https:\/\/kmshc.al\/?s={search_term_string}\"},\"query-input\":{\"@type\":\"PropertyValueSpecification\",\"valueRequired\":true,\"valueName\":\"search_term_string\"}}],\"inLanguage\":\"en-GB\"},{\"@type\":\"Organization\",\"@id\":\"https:\/\/kmshc.al\/#organization\",\"name\":\"KMSHC\",\"url\":\"https:\/\/kmshc.al\/\",\"logo\":{\"@type\":\"ImageObject\",\"inLanguage\":\"en-GB\",\"@id\":\"https:\/\/kmshc.al\/#\/schema\/logo\/image\/\",\"url\":\"https:\/\/kmshc.al\/wp-content\/uploads\/2024\/07\/logo-kmshc-200x130-1.png\",\"contentUrl\":\"https:\/\/kmshc.al\/wp-content\/uploads\/2024\/07\/logo-kmshc-200x130-1.png\",\"width\":200,\"height\":130,\"caption\":\"KMSHC\"},\"image\":{\"@id\":\"https:\/\/kmshc.al\/#\/schema\/logo\/image\/\"}}]}<\/script>\n<!-- \/ Yoast SEO plugin. -->","yoast_head_json":{"title":"Vende vakante - KMSHC","robots":{"index":"index","follow":"follow","max-snippet":"max-snippet:-1","max-image-preview":"max-image-preview:large","max-video-preview":"max-video-preview:-1"},"canonical":"https:\/\/kmshc.al\/en\/vende-vakante\/","og_locale":"en_GB","og_type":"article","og_title":"Vende vakante - KMSHC","og_url":"https:\/\/kmshc.al\/en\/vende-vakante\/","og_site_name":"KMSHC","article_modified_time":"2026-02-12T13:14:09+00:00","twitter_card":"summary_large_image","twitter_misc":{"Estimated reading time":"1 minute"},"schema":{"@context":"https:\/\/schema.org","@graph":[{"@type":"WebPage","@id":"https:\/\/kmshc.al\/vende-vakante\/","url":"https:\/\/kmshc.al\/vende-vakante\/","name":"Vende vakante - KMSHC","isPartOf":{"@id":"https:\/\/kmshc.al\/#website"},"datePublished":"2024-04-26T11:17:13+00:00","dateModified":"2026-02-12T13:14:09+00:00","breadcrumb":{"@id":"https:\/\/kmshc.al\/vende-vakante\/#breadcrumb"},"inLanguage":"en-GB","potentialAction":[{"@type":"ReadAction","target":["https:\/\/kmshc.al\/vende-vakante\/"]}]},{"@type":"BreadcrumbList","@id":"https:\/\/kmshc.al\/vende-vakante\/#breadcrumb","itemListElement":[{"@type":"ListItem","position":1,"name":"Home","item":"https:\/\/kmshc.al\/"},{"@type":"ListItem","position":2,"name":"Vende vakante"}]},{"@type":"WebSite","@id":"https:\/\/kmshc.al\/#website","url":"https:\/\/kmshc.al\/","name":"KMSHC","description":"Komisioneri per mbikqyrjen e sherbimit Civil","publisher":{"@id":"https:\/\/kmshc.al\/#organization"},"potentialAction":[{"@type":"SearchAction","target":{"@type":"EntryPoint","urlTemplate":"https:\/\/kmshc.al\/?s={search_term_string}"},"query-input":{"@type":"PropertyValueSpecification","valueRequired":true,"valueName":"search_term_string"}}],"inLanguage":"en-GB"},{"@type":"Organization","@id":"https:\/\/kmshc.al\/#organization","name":"KMSHC","url":"https:\/\/kmshc.al\/","logo":{"@type":"ImageObject","inLanguage":"en-GB","@id":"https:\/\/kmshc.al\/#\/schema\/logo\/image\/","url":"https:\/\/kmshc.al\/wp-content\/uploads\/2024\/07\/logo-kmshc-200x130-1.png","contentUrl":"https:\/\/kmshc.al\/wp-content\/uploads\/2024\/07\/logo-kmshc-200x130-1.png","width":200,"height":130,"caption":"KMSHC"},"image":{"@id":"https:\/\/kmshc.al\/#\/schema\/logo\/image\/"}}]}},"_links":{"self":[{"href":"https:\/\/kmshc.al\/en\/wp-json\/wp\/v2\/pages\/1028","targetHints":{"allow":["GET"]}}],"collection":[{"href":"https:\/\/kmshc.al\/en\/wp-json\/wp\/v2\/pages"}],"about":[{"href":"https:\/\/kmshc.al\/en\/wp-json\/wp\/v2\/types\/page"}],"author":[{"embeddable":true,"href":"https:\/\/kmshc.al\/en\/wp-json\/wp\/v2\/users\/1"}],"replies":[{"embeddable":true,"href":"https:\/\/kmshc.al\/en\/wp-json\/wp\/v2\/comments?post=1028"}],"version-history":[{"count":17,"href":"https:\/\/kmshc.al\/en\/wp-json\/wp\/v2\/pages\/1028\/revisions"}],"predecessor-version":[{"id":5280,"href":"https:\/\/kmshc.al\/en\/wp-json\/wp\/v2\/pages\/1028\/revisions\/5280"}],"wp:attachment":[{"href":"https:\/\/kmshc.al\/en\/wp-json\/wp\/v2\/media?parent=1028"}],"curies":[{"name":"wp","href":"https:\/\/api.w.org\/{rel}","templated":true}]}}