{"id":1018,"date":"2024-04-26T09:59:43","date_gmt":"2024-04-26T09:59:43","guid":{"rendered":"https:\/\/iw.al\/kmshc\/?page_id=1018"},"modified":"2025-02-19T09:47:46","modified_gmt":"2025-02-19T09:47:46","slug":"organika","status":"publish","type":"page","link":"https:\/\/kmshc.al\/en\/organika\/","title":{"rendered":"Organika"},"content":{"rendered":"<div class=\"fusion-fullwidth fullwidth-box fusion-builder-row-1 fusion-flex-container nonhundred-percent-fullwidth non-hundred-percent-height-scrolling\" style=\"--awb-border-radius-top-left:0px;--awb-border-radius-top-right:0px;--awb-border-radius-bottom-right:0px;--awb-border-radius-bottom-left:0px;--awb-flex-wrap:wrap;\" ><div class=\"fusion-builder-row fusion-row fusion-flex-align-items-flex-start fusion-flex-content-wrap\" style=\"max-width:1216.8px;margin-left: calc(-4% \/ 2 );margin-right: calc(-4% \/ 2 );\"><div class=\"fusion-layout-column fusion_builder_column fusion-builder-column-0 fusion_builder_column_1_1 1_1 fusion-flex-column\" style=\"--awb-bg-size:cover;--awb-width-large:100%;--awb-margin-top-large:60px;--awb-spacing-right-large:1.92%;--awb-margin-bottom-large:60px;--awb-spacing-left-large:1.92%;--awb-width-medium:100%;--awb-order-medium:0;--awb-spacing-right-medium:1.92%;--awb-spacing-left-medium:1.92%;--awb-width-small:100%;--awb-order-small:0;--awb-spacing-right-small:1.92%;--awb-spacing-left-small:1.92%;\"><div class=\"fusion-column-wrapper fusion-column-has-shadow fusion-flex-justify-content-flex-start fusion-content-layout-column\"><div class=\"fusion-title title fusion-title-1 fusion-sep-none fusion-title-text fusion-title-size-one\" style=\"--awb-text-color:var(--awb-color8);--awb-margin-bottom:40px;\"><h1 class=\"fusion-title-heading title-heading-left fusion-responsive-typography-calculated\" style=\"margin:0;--fontSize:58;line-height:var(--awb-typography1-line-height);\">Organika<\/h1><\/div><div class=\"fusion-image-element\" style=\"--awb-caption-title-font-family:var(--h2_typography-font-family);--awb-caption-title-font-weight:var(--h2_typography-font-weight);--awb-caption-title-font-style:var(--h2_typography-font-style);--awb-caption-title-size:var(--h2_typography-font-size);--awb-caption-title-transform:var(--h2_typography-text-transform);--awb-caption-title-line-height:var(--h2_typography-line-height);--awb-caption-title-letter-spacing:var(--h2_typography-letter-spacing);\"><span class=\"fusion-imageframe imageframe-none imageframe-1 hover-type-none\"><img decoding=\"async\" width=\"1754\" height=\"1240\" title=\"ORGANICS\" src=\"https:\/\/kmshc.al\/wp-content\/uploads\/2024\/04\/ORGANIKA.jpg\" data-orig-src=\"https:\/\/kmshc.al\/wp-content\/uploads\/2024\/04\/ORGANIKA.jpg\" alt class=\"lazyload img-responsive wp-image-1019\" srcset=\"data:image\/svg+xml,%3Csvg%20xmlns%3D%27http%3A%2F%2Fwww.w3.org%2F2000%2Fsvg%27%20width%3D%271754%27%20height%3D%271240%27%20viewBox%3D%270%200%201754%201240%27%3E%3Crect%20width%3D%271754%27%20height%3D%271240%27%20fill-opacity%3D%220%22%2F%3E%3C%2Fsvg%3E\" data-srcset=\"https:\/\/kmshc.al\/wp-content\/uploads\/2024\/04\/ORGANIKA-200x141.jpg 200w, https:\/\/kmshc.al\/wp-content\/uploads\/2024\/04\/ORGANIKA-400x283.jpg 400w, https:\/\/kmshc.al\/wp-content\/uploads\/2024\/04\/ORGANIKA-600x424.jpg 600w, https:\/\/kmshc.al\/wp-content\/uploads\/2024\/04\/ORGANIKA-800x566.jpg 800w, https:\/\/kmshc.al\/wp-content\/uploads\/2024\/04\/ORGANIKA-1200x848.jpg 1200w, https:\/\/kmshc.al\/wp-content\/uploads\/2024\/04\/ORGANIKA.jpg 1754w\" data-sizes=\"auto\" data-orig-sizes=\"(max-width: 1020px) 100vw, (max-width: 640px) 100vw, 1200px\" \/><\/span><\/div><div class=\"fusion-builder-row fusion-builder-row-inner fusion-row fusion-flex-align-items-flex-start fusion-flex-content-wrap\" style=\"width:104% !important;max-width:104% !important;margin-left: calc(-4% \/ 2 );margin-right: calc(-4% \/ 2 );\"><div class=\"fusion-layout-column fusion_builder_column_inner fusion-builder-nested-column-0 fusion_builder_column_inner_1_1 1_1 fusion-flex-column\" style=\"--awb-bg-size:cover;--awb-width-large:100%;--awb-margin-top-large:0px;--awb-spacing-right-large:1.92%;--awb-margin-bottom-large:20px;--awb-spacing-left-large:1.92%;--awb-width-medium:100%;--awb-order-medium:0;--awb-spacing-right-medium:1.92%;--awb-spacing-left-medium:1.92%;--awb-width-small:100%;--awb-order-small:0;--awb-spacing-right-small:1.92%;--awb-spacing-left-small:1.92%;\"><div class=\"fusion-column-wrapper fusion-column-has-shadow fusion-flex-justify-content-flex-start fusion-content-layout-column\"><\/div><\/div><\/div><div class=\"fusion-builder-row fusion-builder-row-inner fusion-row fusion-flex-align-items-flex-start fusion-flex-content-wrap\" style=\"width:104% !important;max-width:104% !important;margin-left: calc(-4% \/ 2 );margin-right: calc(-4% \/ 2 );\"><div class=\"fusion-layout-column fusion_builder_column_inner fusion-builder-nested-column-1 fusion_builder_column_inner_1_1 1_1 fusion-flex-column\" style=\"--awb-bg-size:cover;--awb-width-large:100%;--awb-margin-top-large:0px;--awb-spacing-right-large:1.92%;--awb-margin-bottom-large:20px;--awb-spacing-left-large:1.92%;--awb-width-medium:100%;--awb-order-medium:0;--awb-spacing-right-medium:1.92%;--awb-spacing-left-medium:1.92%;--awb-width-small:100%;--awb-order-small:0;--awb-spacing-right-small:1.92%;--awb-spacing-left-small:1.92%;\"><div class=\"fusion-column-wrapper fusion-column-has-shadow fusion-flex-justify-content-flex-start fusion-content-layout-column\"><\/div><\/div><\/div><div class=\"fusion-text fusion-text-1\" style=\"--awb-text-color:var(--awb-color8);\"><p style=\"text-align: center;\"><a href=\"https:\/\/kmshc.al\/wp-content\/uploads\/2024\/04\/Vendim-91-date-22.12.2022.pdf\">Vendim nr. 91\/2022<\/a><\/p>\n<p style=\"text-align: center;\">On some additions and amendments to the Assembly's decision no. 98\/2014 \"<em>P\u00ebr miratimin e struktur\u00ebs, oranik\u00ebs dhe kategorizimit t\u00eb pozicioneve t\u00eb pun\u00ebs t\u00eb Komisionerit p\u00ebr Mbik\u00ebqyrjen e Sh\u00ebrbimit Civil\u2019<\/em>', changed.<\/p>\n<\/div><\/div><\/div><\/div><\/div>","protected":false},"excerpt":{"rendered":"","protected":false},"author":1,"featured_media":0,"parent":0,"menu_order":0,"comment_status":"closed","ping_status":"closed","template":"","meta":{"_acf_changed":false,"_piecal_is_event":false,"_piecal_start_date":"","_piecal_end_date":"","_piecal_is_allday":false,"footnotes":""},"class_list":["post-1018","page","type-page","status-publish","hentry"],"acf":[],"yoast_head":"<!-- This site is optimized with the Yoast SEO plugin v23.8 - https:\/\/yoast.com\/wordpress\/plugins\/seo\/ -->\n<title>Organika - KMSHC<\/title>\n<meta name=\"robots\" content=\"index, follow, max-snippet:-1, max-image-preview:large, max-video-preview:-1\" \/>\n<link rel=\"canonical\" href=\"https:\/\/kmshc.al\/en\/organika\/\" \/>\n<meta property=\"og:locale\" content=\"en_GB\" \/>\n<meta property=\"og:type\" content=\"article\" \/>\n<meta property=\"og:title\" content=\"Organika - KMSHC\" \/>\n<meta property=\"og:url\" content=\"https:\/\/kmshc.al\/en\/organika\/\" \/>\n<meta property=\"og:site_name\" content=\"KMSHC\" \/>\n<meta property=\"article:modified_time\" content=\"2025-02-19T09:47:46+00:00\" \/>\n<meta name=\"twitter:card\" content=\"summary_large_image\" \/>\n<meta name=\"twitter:label1\" content=\"Estimated reading time\" \/>\n\t<meta name=\"twitter:data1\" content=\"1 minute\" \/>\n<script type=\"application\/ld+json\" class=\"yoast-schema-graph\">{\"@context\":\"https:\/\/schema.org\",\"@graph\":[{\"@type\":\"WebPage\",\"@id\":\"https:\/\/kmshc.al\/organika\/\",\"url\":\"https:\/\/kmshc.al\/organika\/\",\"name\":\"Organika - KMSHC\",\"isPartOf\":{\"@id\":\"https:\/\/kmshc.al\/#website\"},\"datePublished\":\"2024-04-26T09:59:43+00:00\",\"dateModified\":\"2025-02-19T09:47:46+00:00\",\"breadcrumb\":{\"@id\":\"https:\/\/kmshc.al\/organika\/#breadcrumb\"},\"inLanguage\":\"en-GB\",\"potentialAction\":[{\"@type\":\"ReadAction\",\"target\":[\"https:\/\/kmshc.al\/organika\/\"]}]},{\"@type\":\"BreadcrumbList\",\"@id\":\"https:\/\/kmshc.al\/organika\/#breadcrumb\",\"itemListElement\":[{\"@type\":\"ListItem\",\"position\":1,\"name\":\"Home\",\"item\":\"https:\/\/kmshc.al\/\"},{\"@type\":\"ListItem\",\"position\":2,\"name\":\"Organika\"}]},{\"@type\":\"WebSite\",\"@id\":\"https:\/\/kmshc.al\/#website\",\"url\":\"https:\/\/kmshc.al\/\",\"name\":\"KMSHC\",\"description\":\"Komisioneri per mbikqyrjen e sherbimit Civil\",\"publisher\":{\"@id\":\"https:\/\/kmshc.al\/#organization\"},\"potentialAction\":[{\"@type\":\"SearchAction\",\"target\":{\"@type\":\"EntryPoint\",\"urlTemplate\":\"https:\/\/kmshc.al\/?s={search_term_string}\"},\"query-input\":{\"@type\":\"PropertyValueSpecification\",\"valueRequired\":true,\"valueName\":\"search_term_string\"}}],\"inLanguage\":\"en-GB\"},{\"@type\":\"Organization\",\"@id\":\"https:\/\/kmshc.al\/#organization\",\"name\":\"KMSHC\",\"url\":\"https:\/\/kmshc.al\/\",\"logo\":{\"@type\":\"ImageObject\",\"inLanguage\":\"en-GB\",\"@id\":\"https:\/\/kmshc.al\/#\/schema\/logo\/image\/\",\"url\":\"https:\/\/kmshc.al\/wp-content\/uploads\/2024\/07\/logo-kmshc-200x130-1.png\",\"contentUrl\":\"https:\/\/kmshc.al\/wp-content\/uploads\/2024\/07\/logo-kmshc-200x130-1.png\",\"width\":200,\"height\":130,\"caption\":\"KMSHC\"},\"image\":{\"@id\":\"https:\/\/kmshc.al\/#\/schema\/logo\/image\/\"}}]}<\/script>\n<!-- \/ Yoast SEO plugin. -->","yoast_head_json":{"title":"Organika - KMSHC","robots":{"index":"index","follow":"follow","max-snippet":"max-snippet:-1","max-image-preview":"max-image-preview:large","max-video-preview":"max-video-preview:-1"},"canonical":"https:\/\/kmshc.al\/en\/organika\/","og_locale":"en_GB","og_type":"article","og_title":"Organika - KMSHC","og_url":"https:\/\/kmshc.al\/en\/organika\/","og_site_name":"KMSHC","article_modified_time":"2025-02-19T09:47:46+00:00","twitter_card":"summary_large_image","twitter_misc":{"Estimated reading time":"1 minute"},"schema":{"@context":"https:\/\/schema.org","@graph":[{"@type":"WebPage","@id":"https:\/\/kmshc.al\/organika\/","url":"https:\/\/kmshc.al\/organika\/","name":"Organika - KMSHC","isPartOf":{"@id":"https:\/\/kmshc.al\/#website"},"datePublished":"2024-04-26T09:59:43+00:00","dateModified":"2025-02-19T09:47:46+00:00","breadcrumb":{"@id":"https:\/\/kmshc.al\/organika\/#breadcrumb"},"inLanguage":"en-GB","potentialAction":[{"@type":"ReadAction","target":["https:\/\/kmshc.al\/organika\/"]}]},{"@type":"BreadcrumbList","@id":"https:\/\/kmshc.al\/organika\/#breadcrumb","itemListElement":[{"@type":"ListItem","position":1,"name":"Home","item":"https:\/\/kmshc.al\/"},{"@type":"ListItem","position":2,"name":"Organika"}]},{"@type":"WebSite","@id":"https:\/\/kmshc.al\/#website","url":"https:\/\/kmshc.al\/","name":"KMSHC","description":"Komisioneri per mbikqyrjen e sherbimit Civil","publisher":{"@id":"https:\/\/kmshc.al\/#organization"},"potentialAction":[{"@type":"SearchAction","target":{"@type":"EntryPoint","urlTemplate":"https:\/\/kmshc.al\/?s={search_term_string}"},"query-input":{"@type":"PropertyValueSpecification","valueRequired":true,"valueName":"search_term_string"}}],"inLanguage":"en-GB"},{"@type":"Organization","@id":"https:\/\/kmshc.al\/#organization","name":"KMSHC","url":"https:\/\/kmshc.al\/","logo":{"@type":"ImageObject","inLanguage":"en-GB","@id":"https:\/\/kmshc.al\/#\/schema\/logo\/image\/","url":"https:\/\/kmshc.al\/wp-content\/uploads\/2024\/07\/logo-kmshc-200x130-1.png","contentUrl":"https:\/\/kmshc.al\/wp-content\/uploads\/2024\/07\/logo-kmshc-200x130-1.png","width":200,"height":130,"caption":"KMSHC"},"image":{"@id":"https:\/\/kmshc.al\/#\/schema\/logo\/image\/"}}]}},"_links":{"self":[{"href":"https:\/\/kmshc.al\/en\/wp-json\/wp\/v2\/pages\/1018","targetHints":{"allow":["GET"]}}],"collection":[{"href":"https:\/\/kmshc.al\/en\/wp-json\/wp\/v2\/pages"}],"about":[{"href":"https:\/\/kmshc.al\/en\/wp-json\/wp\/v2\/types\/page"}],"author":[{"embeddable":true,"href":"https:\/\/kmshc.al\/en\/wp-json\/wp\/v2\/users\/1"}],"replies":[{"embeddable":true,"href":"https:\/\/kmshc.al\/en\/wp-json\/wp\/v2\/comments?post=1018"}],"version-history":[{"count":3,"href":"https:\/\/kmshc.al\/en\/wp-json\/wp\/v2\/pages\/1018\/revisions"}],"predecessor-version":[{"id":4712,"href":"https:\/\/kmshc.al\/en\/wp-json\/wp\/v2\/pages\/1018\/revisions\/4712"}],"wp:attachment":[{"href":"https:\/\/kmshc.al\/en\/wp-json\/wp\/v2\/media?parent=1018"}],"curies":[{"name":"wp","href":"https:\/\/api.w.org\/{rel}","templated":true}]}}