{"id":1001,"date":"2024-04-26T09:47:11","date_gmt":"2024-04-26T09:47:11","guid":{"rendered":"https:\/\/iw.al\/kmshc\/?page_id=1001"},"modified":"2026-04-02T08:38:03","modified_gmt":"2026-04-02T08:38:03","slug":"rreth-nesh","status":"publish","type":"page","link":"https:\/\/kmshc.al\/en\/rreth-nesh\/","title":{"rendered":"ABOUT US"},"content":{"rendered":"<div class=\"fusion-fullwidth fullwidth-box fusion-builder-row-1 fusion-flex-container nonhundred-percent-fullwidth non-hundred-percent-height-scrolling\" style=\"--awb-border-radius-top-left:0px;--awb-border-radius-top-right:0px;--awb-border-radius-bottom-right:0px;--awb-border-radius-bottom-left:0px;--awb-padding-right:0px;--awb-padding-left:0px;--awb-margin-top:20px;--awb-margin-bottom:40px;--awb-flex-wrap:wrap;\" ><div class=\"fusion-builder-row fusion-row fusion-flex-align-items-flex-start fusion-flex-content-wrap\" style=\"max-width:1216.8px;margin-left: calc(-4% \/ 2 );margin-right: calc(-4% \/ 2 );\"><div class=\"fusion-layout-column fusion_builder_column fusion-builder-column-0 fusion_builder_column_1_1 1_1 fusion-flex-column\" style=\"--awb-bg-size:cover;--awb-width-large:100%;--awb-margin-top-large:0px;--awb-spacing-right-large:1.92%;--awb-margin-bottom-large:30px;--awb-spacing-left-large:1.92%;--awb-width-medium:100%;--awb-order-medium:0;--awb-spacing-right-medium:1.92%;--awb-spacing-left-medium:1.92%;--awb-width-small:100%;--awb-order-small:0;--awb-spacing-right-small:1.92%;--awb-spacing-left-small:1.92%;\"><div class=\"fusion-column-wrapper fusion-column-has-shadow fusion-flex-justify-content-flex-start fusion-content-layout-column\"><div class=\"fusion-title title fusion-title-1 fusion-sep-none fusion-title-text fusion-title-size-two\" style=\"--awb-text-color:var(--awb-color8);--awb-font-size:40px;\"><h2 class=\"fusion-title-heading title-heading-left fusion-responsive-typography-calculated\" style=\"margin:0;font-size:1em;--fontSize:40;line-height:var(--awb-typography1-line-height);\">ABOUT US<\/h2><\/div><\/div><\/div><div class=\"fusion-layout-column fusion_builder_column fusion-builder-column-1 fusion_builder_column_1_1 1_1 fusion-flex-column\" style=\"--awb-bg-size:cover;--awb-width-large:100%;--awb-margin-top-large:25px;--awb-spacing-right-large:1.92%;--awb-margin-bottom-large:0px;--awb-spacing-left-large:1.92%;--awb-width-medium:100%;--awb-order-medium:0;--awb-spacing-right-medium:1.92%;--awb-spacing-left-medium:1.92%;--awb-width-small:100%;--awb-order-small:0;--awb-spacing-right-small:1.92%;--awb-spacing-left-small:1.92%;\"><div class=\"fusion-column-wrapper fusion-column-has-shadow fusion-flex-justify-content-flex-start fusion-content-layout-column\"><div class=\"fusion-title title fusion-title-2 fusion-sep-none fusion-title-text fusion-title-size-three\" style=\"--awb-margin-bottom:15px;--awb-font-size:32px;\"><h3 class=\"fusion-title-heading title-heading-left fusion-responsive-typography-calculated\" style=\"margin:0;font-size:1em;--fontSize:32;line-height:var(--awb-typography1-line-height);\"><p style=\"text-align: center;\"><strong>COMMISSIONER FOR CIVIL SERVICE SUPERVISION<\/strong><\/p><\/h3><\/div><\/div><\/div><div class=\"fusion-layout-column fusion_builder_column fusion-builder-column-2 fusion_builder_column_1_1 1_1 fusion-flex-column\" style=\"--awb-bg-size:cover;--awb-width-large:100%;--awb-margin-top-large:10px;--awb-spacing-right-large:1.92%;--awb-margin-bottom-large:25px;--awb-spacing-left-large:1.92%;--awb-width-medium:100%;--awb-order-medium:0;--awb-spacing-right-medium:1.92%;--awb-spacing-left-medium:1.92%;--awb-width-small:100%;--awb-order-small:0;--awb-spacing-right-small:1.92%;--awb-spacing-left-small:1.92%;\"><div class=\"fusion-column-wrapper fusion-column-has-shadow fusion-flex-justify-content-flex-start fusion-content-layout-column\"><div class=\"fusion-text fusion-text-1\" style=\"--awb-text-color:var(--awb-color8);\"><p>Komisioneri p\u00ebr Mbik\u00ebqyrjen e Sh\u00ebrbimit Civil \u00ebsht\u00eb person juridik publik, i pavarur, p\u00ebrgjegj\u00ebs p\u00ebr mbik\u00ebqyrjen e ligjshm\u00ebris\u00eb n\u00eb administrimin e sh\u00ebrbimit civil n\u00eb Republik\u00ebn e Shqip\u00ebris\u00eb.<\/p>\n<p>Institucioni \u00ebsht\u00eb krijuar me ligjin nr. 152\/2013 \u201cP\u00ebr n\u00ebpun\u00ebsin civil\u201d, i ndryshuar, dhe ushtron kompetencat e tij n\u00eb p\u00ebrputhje me k\u00ebt\u00eb ligj, aktet n\u00ebnligjore n\u00eb zbatim t\u00eb tij, si dhe me Kodin e Procedurave Administrative.<\/p>\n<p>Komisioneri mbik\u00ebqyr zbatimin e legjislacionit t\u00eb sh\u00ebrbimit civil n\u00eb t\u00eb gjitha institucionet q\u00eb q\u00eb p\u00ebrfshihen n\u00eb fush\u00ebn e veprimit t\u00eb ligjit p\u00ebr sh\u00ebrbimin civil, si me iniciativ\u00eb t\u00eb tij, ashtu edhe mbi baz\u00ebn e k\u00ebrkesave apo informacioneve t\u00eb paraqitura.<\/p>\n<p><strong>MISIONI<\/strong><\/p>\n<p>Misioni i Komisionerit \u00ebsht\u00eb garantimi i zbatimit t\u00eb drejt\u00eb dhe t\u00eb nj\u00ebtrajtsh\u00ebm t\u00eb ligjit nr. 152\/2013 \u201cP\u00ebr n\u00ebpun\u00ebsin civil\u201d, i ndryshuar gjat\u00eb t\u00eb gjith\u00eb procesit t\u00eb administrimit t\u00eb sh\u00ebrbimit civil.<\/p>\n<p>P\u00ebrmes ushtrimit t\u00eb kompetencave t\u00eb tij, institucioni synon t\u00eb siguroj\u00eb stabilitetin e marr\u00ebdh\u00ebnies s\u00eb sh\u00ebrbimit civil, mbrojtjen e n\u00ebpun\u00ebsit nga veprimet e paligjshme dhe forcimin e profesionalizmit n\u00eb administrat\u00ebn publike.<\/p>\n<p><strong>VIZIONI<\/strong><\/p>\n<p>Vizioni i Komisionerit \u00ebsht\u00eb nd\u00ebrtimi i nj\u00eb administrate publike t\u00eb q\u00ebndrueshme, profesionale, t\u00eb bazuar n\u00eb merit\u00eb, me integritet moral dhe t\u00eb paanshme politikisht.<\/p>\n<p>Administrimi i sh\u00ebrbimit civil duhet t\u00eb udh\u00ebhiqet nga parimet e barazis\u00eb s\u00eb shanseve, mosdiskriminimit dhe transparenc\u00ebs.<\/p>\n<p>The Institution of the Commissioner for the Supervision of the Civil Service is headed by Ms. Lefterije Lleshi (Luzi), elected by the Assembly of the Republic of Albania, Commissioner for the Supervision of the Civil Service, with\u00a0<a href=\"https:\/\/kmshc.al\/wp-content\/uploads\/2025\/12\/Vendim-Nr.103-date-4.12.2025.pdf\">Vendimin nr. 103\/2025, dat\u00eb 04.12.2025<\/a>.<\/p>\n<\/div><div class=\"fusion-image-element\" style=\"text-align:center;--awb-aspect-ratio: 100 \/ 74;--awb-max-width:750px;--awb-caption-title-font-family:var(--h2_typography-font-family);--awb-caption-title-font-weight:var(--h2_typography-font-weight);--awb-caption-title-font-style:var(--h2_typography-font-style);--awb-caption-title-size:var(--h2_typography-font-size);--awb-caption-title-transform:var(--h2_typography-text-transform);--awb-caption-title-line-height:var(--h2_typography-line-height);--awb-caption-title-letter-spacing:var(--h2_typography-letter-spacing);\"><div style=\"display:inline-block;width:750px;\"><span class=\"fusion-imageframe imageframe-none imageframe-1 hover-type-none has-aspect-ratio\"><a href=\"https:\/\/kmshc.al\/wp-content\/uploads\/2024\/07\/vizioni-i-KMSHC-300x225.png\" class=\"fusion-lightbox\" data-rel=\"iLightbox[413cb2986121299083a]\" data-title=\"vizioni i KMSHC\" title=\"vizioni i KMSHC\"><img decoding=\"async\" width=\"300\" height=\"225\" src=\"https:\/\/kmshc.al\/wp-content\/uploads\/2024\/07\/vizioni-i-KMSHC.png\" data-orig-src=\"https:\/\/kmshc.al\/wp-content\/uploads\/2024\/07\/vizioni-i-KMSHC-300x225.png\" class=\"lazyload img-responsive wp-image-4129 img-with-aspect-ratio\" alt srcset=\"data:image\/svg+xml,%3Csvg%20xmlns%3D%27http%3A%2F%2Fwww.w3.org%2F2000%2Fsvg%27%20width%3D%271024%27%20height%3D%27768%27%20viewBox%3D%270%200%201024%20768%27%3E%3Crect%20width%3D%271024%27%20height%3D%27768%27%20fill-opacity%3D%220%22%2F%3E%3C%2Fsvg%3E\" data-srcset=\"https:\/\/kmshc.al\/wp-content\/uploads\/2024\/07\/vizioni-i-KMSHC-200x150.png 200w, https:\/\/kmshc.al\/wp-content\/uploads\/2024\/07\/vizioni-i-KMSHC-400x300.png 400w, https:\/\/kmshc.al\/wp-content\/uploads\/2024\/07\/vizioni-i-KMSHC-600x450.png 600w, https:\/\/kmshc.al\/wp-content\/uploads\/2024\/07\/vizioni-i-KMSHC-800x600.png 800w, https:\/\/kmshc.al\/wp-content\/uploads\/2024\/07\/vizioni-i-KMSHC.png 1024w\" data-sizes=\"auto\" data-orig-sizes=\"(max-width: 1020px) 100vw, (max-width: 640px) 100vw, 300px\" \/><\/a><\/span><\/div><\/div><\/div><\/div><\/div><\/div>","protected":false},"excerpt":{"rendered":"","protected":false},"author":1,"featured_media":0,"parent":0,"menu_order":0,"comment_status":"closed","ping_status":"closed","template":"","meta":{"_acf_changed":false,"_piecal_is_event":false,"_piecal_start_date":"","_piecal_end_date":"","_piecal_is_allday":false,"footnotes":""},"class_list":["post-1001","page","type-page","status-publish","hentry"],"acf":[],"yoast_head":"<!-- This site is optimized with the Yoast SEO plugin v23.8 - https:\/\/yoast.com\/wordpress\/plugins\/seo\/ -->\n<title>Rreth Nesh - KMSHC<\/title>\n<meta name=\"robots\" content=\"index, follow, max-snippet:-1, max-image-preview:large, max-video-preview:-1\" \/>\n<link rel=\"canonical\" href=\"https:\/\/kmshc.al\/en\/rreth-nesh\/\" \/>\n<meta property=\"og:locale\" content=\"en_GB\" \/>\n<meta property=\"og:type\" content=\"article\" \/>\n<meta property=\"og:title\" content=\"Rreth Nesh - KMSHC\" \/>\n<meta property=\"og:url\" content=\"https:\/\/kmshc.al\/en\/rreth-nesh\/\" \/>\n<meta property=\"og:site_name\" content=\"KMSHC\" \/>\n<meta property=\"article:modified_time\" content=\"2026-04-02T08:38:03+00:00\" \/>\n<meta name=\"twitter:card\" content=\"summary_large_image\" \/>\n<meta name=\"twitter:label1\" content=\"Estimated reading time\" \/>\n\t<meta name=\"twitter:data1\" content=\"2 minutes\" \/>\n<script type=\"application\/ld+json\" class=\"yoast-schema-graph\">{\"@context\":\"https:\/\/schema.org\",\"@graph\":[{\"@type\":[\"WebPage\",\"AboutPage\"],\"@id\":\"https:\/\/kmshc.al\/rreth-nesh\/\",\"url\":\"https:\/\/kmshc.al\/rreth-nesh\/\",\"name\":\"Rreth Nesh - KMSHC\",\"isPartOf\":{\"@id\":\"https:\/\/kmshc.al\/#website\"},\"datePublished\":\"2024-04-26T09:47:11+00:00\",\"dateModified\":\"2026-04-02T08:38:03+00:00\",\"breadcrumb\":{\"@id\":\"https:\/\/kmshc.al\/rreth-nesh\/#breadcrumb\"},\"inLanguage\":\"en-GB\",\"potentialAction\":[{\"@type\":\"ReadAction\",\"target\":[\"https:\/\/kmshc.al\/rreth-nesh\/\"]}]},{\"@type\":\"BreadcrumbList\",\"@id\":\"https:\/\/kmshc.al\/rreth-nesh\/#breadcrumb\",\"itemListElement\":[{\"@type\":\"ListItem\",\"position\":1,\"name\":\"Home\",\"item\":\"https:\/\/kmshc.al\/\"},{\"@type\":\"ListItem\",\"position\":2,\"name\":\"Rreth Nesh\"}]},{\"@type\":\"WebSite\",\"@id\":\"https:\/\/kmshc.al\/#website\",\"url\":\"https:\/\/kmshc.al\/\",\"name\":\"KMSHC\",\"description\":\"Komisioneri per mbikqyrjen e sherbimit Civil\",\"publisher\":{\"@id\":\"https:\/\/kmshc.al\/#organization\"},\"potentialAction\":[{\"@type\":\"SearchAction\",\"target\":{\"@type\":\"EntryPoint\",\"urlTemplate\":\"https:\/\/kmshc.al\/?s={search_term_string}\"},\"query-input\":{\"@type\":\"PropertyValueSpecification\",\"valueRequired\":true,\"valueName\":\"search_term_string\"}}],\"inLanguage\":\"en-GB\"},{\"@type\":\"Organization\",\"@id\":\"https:\/\/kmshc.al\/#organization\",\"name\":\"KMSHC\",\"url\":\"https:\/\/kmshc.al\/\",\"logo\":{\"@type\":\"ImageObject\",\"inLanguage\":\"en-GB\",\"@id\":\"https:\/\/kmshc.al\/#\/schema\/logo\/image\/\",\"url\":\"https:\/\/kmshc.al\/wp-content\/uploads\/2024\/07\/logo-kmshc-200x130-1.png\",\"contentUrl\":\"https:\/\/kmshc.al\/wp-content\/uploads\/2024\/07\/logo-kmshc-200x130-1.png\",\"width\":200,\"height\":130,\"caption\":\"KMSHC\"},\"image\":{\"@id\":\"https:\/\/kmshc.al\/#\/schema\/logo\/image\/\"}}]}<\/script>\n<!-- \/ Yoast SEO plugin. -->","yoast_head_json":{"title":"Rreth Nesh - KMSHC","robots":{"index":"index","follow":"follow","max-snippet":"max-snippet:-1","max-image-preview":"max-image-preview:large","max-video-preview":"max-video-preview:-1"},"canonical":"https:\/\/kmshc.al\/en\/rreth-nesh\/","og_locale":"en_GB","og_type":"article","og_title":"Rreth Nesh - KMSHC","og_url":"https:\/\/kmshc.al\/en\/rreth-nesh\/","og_site_name":"KMSHC","article_modified_time":"2026-04-02T08:38:03+00:00","twitter_card":"summary_large_image","twitter_misc":{"Estimated reading time":"2 minutes"},"schema":{"@context":"https:\/\/schema.org","@graph":[{"@type":["WebPage","AboutPage"],"@id":"https:\/\/kmshc.al\/rreth-nesh\/","url":"https:\/\/kmshc.al\/rreth-nesh\/","name":"Rreth Nesh - KMSHC","isPartOf":{"@id":"https:\/\/kmshc.al\/#website"},"datePublished":"2024-04-26T09:47:11+00:00","dateModified":"2026-04-02T08:38:03+00:00","breadcrumb":{"@id":"https:\/\/kmshc.al\/rreth-nesh\/#breadcrumb"},"inLanguage":"en-GB","potentialAction":[{"@type":"ReadAction","target":["https:\/\/kmshc.al\/rreth-nesh\/"]}]},{"@type":"BreadcrumbList","@id":"https:\/\/kmshc.al\/rreth-nesh\/#breadcrumb","itemListElement":[{"@type":"ListItem","position":1,"name":"Home","item":"https:\/\/kmshc.al\/"},{"@type":"ListItem","position":2,"name":"Rreth Nesh"}]},{"@type":"WebSite","@id":"https:\/\/kmshc.al\/#website","url":"https:\/\/kmshc.al\/","name":"KMSHC","description":"Komisioneri per mbikqyrjen e sherbimit Civil","publisher":{"@id":"https:\/\/kmshc.al\/#organization"},"potentialAction":[{"@type":"SearchAction","target":{"@type":"EntryPoint","urlTemplate":"https:\/\/kmshc.al\/?s={search_term_string}"},"query-input":{"@type":"PropertyValueSpecification","valueRequired":true,"valueName":"search_term_string"}}],"inLanguage":"en-GB"},{"@type":"Organization","@id":"https:\/\/kmshc.al\/#organization","name":"KMSHC","url":"https:\/\/kmshc.al\/","logo":{"@type":"ImageObject","inLanguage":"en-GB","@id":"https:\/\/kmshc.al\/#\/schema\/logo\/image\/","url":"https:\/\/kmshc.al\/wp-content\/uploads\/2024\/07\/logo-kmshc-200x130-1.png","contentUrl":"https:\/\/kmshc.al\/wp-content\/uploads\/2024\/07\/logo-kmshc-200x130-1.png","width":200,"height":130,"caption":"KMSHC"},"image":{"@id":"https:\/\/kmshc.al\/#\/schema\/logo\/image\/"}}]}},"_links":{"self":[{"href":"https:\/\/kmshc.al\/en\/wp-json\/wp\/v2\/pages\/1001","targetHints":{"allow":["GET"]}}],"collection":[{"href":"https:\/\/kmshc.al\/en\/wp-json\/wp\/v2\/pages"}],"about":[{"href":"https:\/\/kmshc.al\/en\/wp-json\/wp\/v2\/types\/page"}],"author":[{"embeddable":true,"href":"https:\/\/kmshc.al\/en\/wp-json\/wp\/v2\/users\/1"}],"replies":[{"embeddable":true,"href":"https:\/\/kmshc.al\/en\/wp-json\/wp\/v2\/comments?post=1001"}],"version-history":[{"count":44,"href":"https:\/\/kmshc.al\/en\/wp-json\/wp\/v2\/pages\/1001\/revisions"}],"predecessor-version":[{"id":5536,"href":"https:\/\/kmshc.al\/en\/wp-json\/wp\/v2\/pages\/1001\/revisions\/5536"}],"wp:attachment":[{"href":"https:\/\/kmshc.al\/en\/wp-json\/wp\/v2\/media?parent=1001"}],"curies":[{"name":"wp","href":"https:\/\/api.w.org\/{rel}","templated":true}]}}